{"id":2013,"date":"2024-07-03T11:27:27","date_gmt":"2024-07-03T11:27:27","guid":{"rendered":"https:\/\/strategichealthcommunication.com\/?page_id=2013"},"modified":"2026-02-04T19:03:30","modified_gmt":"2026-02-04T19:03:30","slug":"contact","status":"publish","type":"page","link":"https:\/\/strategichealthcommunication.com\/index.php\/en\/contact\/","title":{"rendered":"Contact"},"content":{"rendered":"\t\t<div data-elementor-type=\"wp-page\" data-elementor-id=\"2013\" class=\"elementor elementor-2013\">\n\t\t\t\t\t\t<section class=\"elementor-section elementor-top-section elementor-element elementor-element-b7f9802 elementor-section-boxed elementor-section-height-default elementor-section-height-default\" data-id=\"b7f9802\" data-element_type=\"section\">\n\t\t\t\t\t\t<div class=\"elementor-container elementor-column-gap-default\">\n\t\t\t\t\t<div class=\"elementor-column elementor-col-100 elementor-top-column elementor-element elementor-element-b1091b2\" data-id=\"b1091b2\" data-element_type=\"column\">\n\t\t\t<div class=\"elementor-widget-wrap elementor-element-populated\">\n\t\t\t\t\t\t<div class=\"elementor-element elementor-element-471c228 elementor-view-default elementor-widget elementor-widget-icon\" data-id=\"471c228\" data-element_type=\"widget\" data-widget_type=\"icon.default\">\n\t\t\t\t<div class=\"elementor-widget-container\">\n\t\t\t\t\t\t\t<div class=\"elementor-icon-wrapper\">\n\t\t\t<div class=\"elementor-icon\">\n\t\t\t<i aria-hidden=\"true\" class=\"fas fa-comment\"><\/i>\t\t\t<\/div>\n\t\t<\/div>\n\t\t\t\t\t\t<\/div>\n\t\t\t\t<\/div>\n\t\t\t\t<div class=\"elementor-element elementor-element-c6535a6 elementor-widget elementor-widget-spacer\" data-id=\"c6535a6\" data-element_type=\"widget\" data-widget_type=\"spacer.default\">\n\t\t\t\t<div class=\"elementor-widget-container\">\n\t\t\t\t\t\t\t<div class=\"elementor-spacer\">\n\t\t\t<div class=\"elementor-spacer-inner\"><\/div>\n\t\t<\/div>\n\t\t\t\t\t\t<\/div>\n\t\t\t\t<\/div>\n\t\t\t\t<div class=\"elementor-element elementor-element-b73cac6 elementor-invisible elementor-widget elementor-widget-heading\" data-id=\"b73cac6\" data-element_type=\"widget\" data-settings=\"{&quot;_animation&quot;:&quot;fadeInRight&quot;}\" data-widget_type=\"heading.default\">\n\t\t\t\t<div class=\"elementor-widget-container\">\n\t\t\t\t\t<h2 class=\"elementor-heading-title elementor-size-default\">Contact the Comunicancer team<\/h2>\t\t\t\t<\/div>\n\t\t\t\t<\/div>\n\t\t\t\t<div class=\"elementor-element elementor-element-555d724 elementor-widget elementor-widget-spacer\" data-id=\"555d724\" data-element_type=\"widget\" data-widget_type=\"spacer.default\">\n\t\t\t\t<div class=\"elementor-widget-container\">\n\t\t\t\t\t\t\t<div class=\"elementor-spacer\">\n\t\t\t<div class=\"elementor-spacer-inner\"><\/div>\n\t\t<\/div>\n\t\t\t\t\t\t<\/div>\n\t\t\t\t<\/div>\n\t\t\t\t<div class=\"elementor-element elementor-element-05f969c elementor-widget elementor-widget-text-editor\" data-id=\"05f969c\" data-element_type=\"widget\" data-widget_type=\"text-editor.default\">\n\t\t\t\t<div class=\"elementor-widget-container\">\n\t\t\t\t\t\t\t\t\t<p>If you would like to contact the research team, please do not hesitate to get in touch at the following addresses:<\/p>\t\t\t\t\t\t\t\t<\/div>\n\t\t\t\t<\/div>\n\t\t\t\t\t<\/div>\n\t\t<\/div>\n\t\t\t\t\t<\/div>\n\t\t<\/section>\n\t\t\t\t<section class=\"elementor-section elementor-top-section elementor-element elementor-element-1823b94 elementor-section-boxed elementor-section-height-default elementor-section-height-default\" data-id=\"1823b94\" data-element_type=\"section\">\n\t\t\t\t\t\t<div class=\"elementor-container elementor-column-gap-default\">\n\t\t\t\t\t<div class=\"elementor-column elementor-col-50 elementor-top-column elementor-element elementor-element-aeba611 elementor-invisible\" data-id=\"aeba611\" data-element_type=\"column\" data-settings=\"{&quot;animation&quot;:&quot;fadeIn&quot;}\">\n\t\t\t<div class=\"elementor-widget-wrap elementor-element-populated\">\n\t\t\t\t\t\t<div class=\"elementor-element elementor-element-744c218 elementor-view-default elementor-widget elementor-widget-icon\" data-id=\"744c218\" data-element_type=\"widget\" data-widget_type=\"icon.default\">\n\t\t\t\t<div class=\"elementor-widget-container\">\n\t\t\t\t\t\t\t<div class=\"elementor-icon-wrapper\">\n\t\t\t<div class=\"elementor-icon\">\n\t\t\t<i aria-hidden=\"true\" class=\"fas fa-address-card\"><\/i>\t\t\t<\/div>\n\t\t<\/div>\n\t\t\t\t\t\t<\/div>\n\t\t\t\t<\/div>\n\t\t\t\t<div class=\"elementor-element elementor-element-9e2fd48 elementor-widget elementor-widget-image-box\" data-id=\"9e2fd48\" data-element_type=\"widget\" data-widget_type=\"image-box.default\">\n\t\t\t\t<div class=\"elementor-widget-container\">\n\t\t\t\t\t<div class=\"elementor-image-box-wrapper\"><div class=\"elementor-image-box-content\"><p class=\"elementor-image-box-description\">Mar\u00eda \u00c1ngeles Moreno Fern\u00e1ndez\n\nmariaangeles.moreno@urjc.es<\/p><\/div><\/div>\t\t\t\t<\/div>\n\t\t\t\t<\/div>\n\t\t\t\t\t<\/div>\n\t\t<\/div>\n\t\t\t\t<div class=\"elementor-column elementor-col-50 elementor-top-column elementor-element elementor-element-06f2e7d elementor-invisible\" data-id=\"06f2e7d\" data-element_type=\"column\" data-settings=\"{&quot;animation&quot;:&quot;fadeIn&quot;}\">\n\t\t\t<div class=\"elementor-widget-wrap elementor-element-populated\">\n\t\t\t\t\t\t<div class=\"elementor-element elementor-element-d546729 elementor-view-default elementor-widget elementor-widget-icon\" data-id=\"d546729\" data-element_type=\"widget\" data-widget_type=\"icon.default\">\n\t\t\t\t<div class=\"elementor-widget-container\">\n\t\t\t\t\t\t\t<div class=\"elementor-icon-wrapper\">\n\t\t\t<div class=\"elementor-icon\">\n\t\t\t<i aria-hidden=\"true\" class=\"fas fa-address-card\"><\/i>\t\t\t<\/div>\n\t\t<\/div>\n\t\t\t\t\t\t<\/div>\n\t\t\t\t<\/div>\n\t\t\t\t<div class=\"elementor-element elementor-element-381333d elementor-widget elementor-widget-image-box\" data-id=\"381333d\" data-element_type=\"widget\" data-widget_type=\"image-box.default\">\n\t\t\t\t<div class=\"elementor-widget-container\">\n\t\t\t\t\t<div class=\"elementor-image-box-wrapper\"><div class=\"elementor-image-box-content\"><p class=\"elementor-image-box-description\">Mar\u00eda Cristina Fuentes Lara\n\ncristina.fuentes@urjc.es<\/p><\/div><\/div>\t\t\t\t<\/div>\n\t\t\t\t<\/div>\n\t\t\t\t\t<\/div>\n\t\t<\/div>\n\t\t\t\t\t<\/div>\n\t\t<\/section>\n\t\t\t\t<section class=\"elementor-section elementor-top-section elementor-element elementor-element-372efee elementor-section-boxed elementor-section-height-default elementor-section-height-default\" data-id=\"372efee\" data-element_type=\"section\">\n\t\t\t\t\t\t<div class=\"elementor-container elementor-column-gap-default\">\n\t\t\t\t\t<div class=\"elementor-column elementor-col-100 elementor-top-column elementor-element elementor-element-9b96a24\" data-id=\"9b96a24\" data-element_type=\"column\">\n\t\t\t<div class=\"elementor-widget-wrap elementor-element-populated\">\n\t\t\t\t\t\t<div class=\"elementor-element elementor-element-ae8e540 elementor-widget-divider--view-line elementor-invisible elementor-widget elementor-widget-divider\" data-id=\"ae8e540\" data-element_type=\"widget\" data-settings=\"{&quot;_animation&quot;:&quot;fadeInLeft&quot;}\" data-widget_type=\"divider.default\">\n\t\t\t\t<div class=\"elementor-widget-container\">\n\t\t\t\t\t\t\t<div class=\"elementor-divider\">\n\t\t\t<span class=\"elementor-divider-separator\">\n\t\t\t\t\t\t<\/span>\n\t\t<\/div>\n\t\t\t\t\t\t<\/div>\n\t\t\t\t<\/div>\n\t\t\t\t<div class=\"elementor-element elementor-element-c48f7fe elementor-widget elementor-widget-text-editor\" data-id=\"c48f7fe\" data-element_type=\"widget\" data-widget_type=\"text-editor.default\">\n\t\t\t\t<div class=\"elementor-widget-container\">\n\t\t\t\t\t\t\t\t\t<p>Follow our social media and you will be informed of the latest news:<\/p>\t\t\t\t\t\t\t\t<\/div>\n\t\t\t\t<\/div>\n\t\t\t\t<div class=\"elementor-element elementor-element-ce9f094 elementor-widget elementor-widget-spacer\" data-id=\"ce9f094\" data-element_type=\"widget\" data-widget_type=\"spacer.default\">\n\t\t\t\t<div class=\"elementor-widget-container\">\n\t\t\t\t\t\t\t<div class=\"elementor-spacer\">\n\t\t\t<div class=\"elementor-spacer-inner\"><\/div>\n\t\t<\/div>\n\t\t\t\t\t\t<\/div>\n\t\t\t\t<\/div>\n\t\t\t\t<div class=\"elementor-element elementor-element-2f33324 elementor-shape-rounded elementor-grid-0 e-grid-align-center elementor-invisible elementor-widget elementor-widget-social-icons\" data-id=\"2f33324\" data-element_type=\"widget\" data-settings=\"{&quot;_animation&quot;:&quot;fadeInLeft&quot;}\" data-widget_type=\"social-icons.default\">\n\t\t\t\t<div class=\"elementor-widget-container\">\n\t\t\t\t\t\t\t<div class=\"elementor-social-icons-wrapper elementor-grid\" role=\"list\">\n\t\t\t\t\t\t\t<span class=\"elementor-grid-item\" role=\"listitem\">\n\t\t\t\t\t<a class=\"elementor-icon elementor-social-icon elementor-social-icon-instagram elementor-animation-grow elementor-repeater-item-3b17da8\" href=\"https:\/\/www.instagram.com\/comunicancer\/\" target=\"_blank\">\n\t\t\t\t\t\t<span class=\"elementor-screen-only\">Instagram<\/span>\n\t\t\t\t\t\t<i aria-hidden=\"true\" class=\"fab fa-instagram\"><\/i>\t\t\t\t\t<\/a>\n\t\t\t\t<\/span>\n\t\t\t\t\t\t\t<span class=\"elementor-grid-item\" role=\"listitem\">\n\t\t\t\t\t<a class=\"elementor-icon elementor-social-icon elementor-social-icon-facebook elementor-animation-grow elementor-repeater-item-0a31bac\" href=\"https:\/\/www.facebook.com\/ComuniC%C3%A1ncer-112518534571202\" target=\"_blank\">\n\t\t\t\t\t\t<span class=\"elementor-screen-only\">Facebook<\/span>\n\t\t\t\t\t\t<i aria-hidden=\"true\" class=\"fab fa-facebook\"><\/i>\t\t\t\t\t<\/a>\n\t\t\t\t<\/span>\n\t\t\t\t\t\t\t<span class=\"elementor-grid-item\" role=\"listitem\">\n\t\t\t\t\t<a class=\"elementor-icon elementor-social-icon elementor-social-icon-x-twitter elementor-animation-grow elementor-repeater-item-8a00585\" href=\"https:\/\/twitter.com\/comunicancer\" target=\"_blank\">\n\t\t\t\t\t\t<span class=\"elementor-screen-only\">X-twitter<\/span>\n\t\t\t\t\t\t<i aria-hidden=\"true\" class=\"fab fa-x-twitter\"><\/i>\t\t\t\t\t<\/a>\n\t\t\t\t<\/span>\n\t\t\t\t\t\t\t<span class=\"elementor-grid-item\" role=\"listitem\">\n\t\t\t\t\t<a class=\"elementor-icon elementor-social-icon elementor-social-icon-linkedin elementor-animation-grow elementor-repeater-item-daab31f\" href=\"https:\/\/www.linkedin.com\/company\/80645838\/admin\/\" target=\"_blank\">\n\t\t\t\t\t\t<span class=\"elementor-screen-only\">Linkedin<\/span>\n\t\t\t\t\t\t<i aria-hidden=\"true\" class=\"fab fa-linkedin\"><\/i>\t\t\t\t\t<\/a>\n\t\t\t\t<\/span>\n\t\t\t\t\t<\/div>\n\t\t\t\t\t\t<\/div>\n\t\t\t\t<\/div>\n\t\t\t\t\t<\/div>\n\t\t<\/div>\n\t\t\t\t\t<\/div>\n\t\t<\/section>\n\t\t\t\t<section class=\"elementor-section elementor-top-section elementor-element elementor-element-f68a495 elementor-section-full_width elementor-section-height-default elementor-section-height-default\" data-id=\"f68a495\" data-element_type=\"section\">\n\t\t\t\t\t\t<div class=\"elementor-container elementor-column-gap-default\">\n\t\t\t\t\t<div class=\"elementor-column elementor-col-100 elementor-top-column elementor-element elementor-element-de89a12\" data-id=\"de89a12\" data-element_type=\"column\">\n\t\t\t<div class=\"elementor-widget-wrap elementor-element-populated\">\n\t\t\t\t\t\t<div class=\"elementor-element elementor-element-573cccf elementor-widget elementor-widget-text-editor\" data-id=\"573cccf\" data-element_type=\"widget\" data-settings=\"{&quot;_animation&quot;:&quot;none&quot;}\" data-widget_type=\"text-editor.default\">\n\t\t\t\t<div class=\"elementor-widget-container\">\n\t\t\t\t\t\t\t\t\t<p style=\"text-align: center;\">Projects (PID2020-116487RB-100 \u00b7 PID2024-158806OB-100) funded by:<\/p>\t\t\t\t\t\t\t\t<\/div>\n\t\t\t\t<\/div>\n\t\t\t\t<div class=\"elementor-element elementor-element-522833b elementor-widget elementor-widget-image\" data-id=\"522833b\" data-element_type=\"widget\" data-settings=\"{&quot;_animation&quot;:&quot;none&quot;}\" data-widget_type=\"image.default\">\n\t\t\t\t<div class=\"elementor-widget-container\">\n\t\t\t\t\t\t\t\t\t\t\t\t\t\t\t<img decoding=\"async\" width=\"300\" height=\"98\" src=\"https:\/\/strategichealthcommunication.com\/wp-content\/uploads\/2023\/03\/Captura-de-pantalla-2023-03-29-a-las-10.44.55-300x98.png\" class=\"attachment-medium size-medium wp-image-856\" alt=\"\" srcset=\"https:\/\/strategichealthcommunication.com\/wp-content\/uploads\/2023\/03\/Captura-de-pantalla-2023-03-29-a-las-10.44.55-300x98.png 300w, https:\/\/strategichealthcommunication.com\/wp-content\/uploads\/2023\/03\/Captura-de-pantalla-2023-03-29-a-las-10.44.55-1024x336.png 1024w, https:\/\/strategichealthcommunication.com\/wp-content\/uploads\/2023\/03\/Captura-de-pantalla-2023-03-29-a-las-10.44.55-768x252.png 768w, https:\/\/strategichealthcommunication.com\/wp-content\/uploads\/2023\/03\/Captura-de-pantalla-2023-03-29-a-las-10.44.55-1536x504.png 1536w, https:\/\/strategichealthcommunication.com\/wp-content\/uploads\/2023\/03\/Captura-de-pantalla-2023-03-29-a-las-10.44.55.png 1906w\" sizes=\"(max-width: 300px) 100vw, 300px\" \/>\t\t\t\t\t\t\t\t\t\t\t\t\t\t\t<\/div>\n\t\t\t\t<\/div>\n\t\t\t\t\t<\/div>\n\t\t<\/div>\n\t\t\t\t\t<\/div>\n\t\t<\/section>\n\t\t\t\t<\/div>\n\t\t","protected":false},"excerpt":{"rendered":"<p>Contact the Comunicancer team If you would like to contact the research team, please do not hesitate to get in touch at the following addresses: Mar\u00eda \u00c1ngeles Moreno Fern\u00e1ndez mariaangeles.moreno@urjc.es Mar\u00eda Cristina Fuentes Lara cristina.fuentes@urjc.es Follow our social media and you will be informed of the latest news: Instagram Facebook X-twitter Linkedin Projects (PID2020-116487RB-100 \u00b7 [&hellip;]<\/p>\n","protected":false},"author":1,"featured_media":0,"parent":0,"menu_order":0,"comment_status":"closed","ping_status":"closed","template":"","meta":{"site-sidebar-layout":"no-sidebar","site-content-layout":"page-builder","ast-site-content-layout":"full-width-container","site-content-style":"unboxed","site-sidebar-style":"unboxed","ast-global-header-display":"","ast-banner-title-visibility":"","ast-main-header-display":"","ast-hfb-above-header-display":"","ast-hfb-below-header-display":"","ast-hfb-mobile-header-display":"","site-post-title":"disabled","ast-breadcrumbs-content":"","ast-featured-img":"disabled","footer-sml-layout":"","theme-transparent-header-meta":"","adv-header-id-meta":"","stick-header-meta":"","header-above-stick-meta":"","header-main-stick-meta":"","header-below-stick-meta":"","astra-migrate-meta-layouts":"set","ast-page-background-enabled":"default","ast-page-background-meta":{"desktop":{"background-color":"var(--ast-global-color-4)","background-image":"","background-repeat":"repeat","background-position":"center center","background-size":"auto","background-attachment":"scroll","background-type":"","background-media":"","overlay-type":"","overlay-color":"","overlay-opacity":"","overlay-gradient":""},"tablet":{"background-color":"","background-image":"","background-repeat":"repeat","background-position":"center center","background-size":"auto","background-attachment":"scroll","background-type":"","background-media":"","overlay-type":"","overlay-color":"","overlay-opacity":"","overlay-gradient":""},"mobile":{"background-color":"","background-image":"","background-repeat":"repeat","background-position":"center center","background-size":"auto","background-attachment":"scroll","background-type":"","background-media":"","overlay-type":"","overlay-color":"","overlay-opacity":"","overlay-gradient":""}},"ast-content-background-meta":{"desktop":{"background-color":"var(--ast-global-color-5)","background-image":"","background-repeat":"repeat","background-position":"center center","background-size":"auto","background-attachment":"scroll","background-type":"","background-media":"","overlay-type":"","overlay-color":"","overlay-opacity":"","overlay-gradient":""},"tablet":{"background-color":"var(--ast-global-color-5)","background-image":"","background-repeat":"repeat","background-position":"center center","background-size":"auto","background-attachment":"scroll","background-type":"","background-media":"","overlay-type":"","overlay-color":"","overlay-opacity":"","overlay-gradient":""},"mobile":{"background-color":"var(--ast-global-color-5)","background-image":"","background-repeat":"repeat","background-position":"center center","background-size":"auto","background-attachment":"scroll","background-type":"","background-media":"","overlay-type":"","overlay-color":"","overlay-opacity":"","overlay-gradient":""}},"footnotes":""},"class_list":["post-2013","page","type-page","status-publish","hentry"],"yoast_head":"<!-- This site is optimized with the Yoast SEO plugin v27.3 - https:\/\/yoast.com\/product\/yoast-seo-wordpress\/ -->\n<title>Contact &#8226; Comunicancer<\/title>\n<meta name=\"description\" content=\"If you would like to contact Comunicancer&#039;s research team, please do not hesitate to contact us.\" \/>\n<meta name=\"robots\" content=\"index, follow, max-snippet:-1, max-image-preview:large, max-video-preview:-1\" \/>\n<link rel=\"canonical\" href=\"https:\/\/strategichealthcommunication.com\/index.php\/en\/contact\/\" \/>\n<meta property=\"og:locale\" content=\"en_US\" \/>\n<meta property=\"og:type\" content=\"article\" \/>\n<meta property=\"og:url\" content=\"https:\/\/strategichealthcommunication.com\/index.php\/en\/contact\/\" \/>\n<meta property=\"article:publisher\" content=\"https:\/\/www.facebook.com\/Comunicancer-112518534571202\" \/>\n<meta property=\"article:modified_time\" content=\"2026-02-04T19:03:30+00:00\" \/>\n<meta property=\"og:image\" content=\"https:\/\/strategichealthcommunication.com\/wp-content\/uploads\/2021\/11\/cropped-4-1.png\" \/>\n<meta name=\"twitter:card\" content=\"summary_large_image\" \/>\n<meta name=\"twitter:image\" content=\"https:\/\/strategichealthcommunication.com\/wp-content\/uploads\/2021\/11\/cropped-4-1.png\" \/>\n<meta name=\"twitter:site\" content=\"@comunicancer\" \/>\n<meta name=\"twitter:label1\" content=\"Est. reading time\" \/>\n\t<meta name=\"twitter:data1\" content=\"1 minute\" \/>\n<script type=\"application\/ld+json\" class=\"yoast-schema-graph\">{\"@context\":\"https:\\\/\\\/schema.org\",\"@graph\":[{\"@type\":\"WebPage\",\"@id\":\"https:\\\/\\\/strategichealthcommunication.com\\\/index.php\\\/en\\\/contact\\\/\",\"url\":\"https:\\\/\\\/strategichealthcommunication.com\\\/index.php\\\/en\\\/contact\\\/\",\"name\":\"Contact &#8226; Comunicancer\",\"isPartOf\":{\"@id\":\"https:\\\/\\\/strategichealthcommunication.com\\\/#website\"},\"primaryImageOfPage\":{\"@id\":\"https:\\\/\\\/strategichealthcommunication.com\\\/index.php\\\/en\\\/contact\\\/#primaryimage\"},\"image\":{\"@id\":\"https:\\\/\\\/strategichealthcommunication.com\\\/index.php\\\/en\\\/contact\\\/#primaryimage\"},\"thumbnailUrl\":\"https:\\\/\\\/strategichealthcommunication.com\\\/wp-content\\\/uploads\\\/2023\\\/03\\\/Captura-de-pantalla-2023-03-29-a-las-10.44.55-300x98.png\",\"datePublished\":\"2024-07-03T11:27:27+00:00\",\"dateModified\":\"2026-02-04T19:03:30+00:00\",\"description\":\"If you would like to contact Comunicancer's research team, please do not hesitate to contact us.\",\"breadcrumb\":{\"@id\":\"https:\\\/\\\/strategichealthcommunication.com\\\/index.php\\\/en\\\/contact\\\/#breadcrumb\"},\"inLanguage\":\"en-US\",\"potentialAction\":[{\"@type\":\"ReadAction\",\"target\":[\"https:\\\/\\\/strategichealthcommunication.com\\\/index.php\\\/en\\\/contact\\\/\"]}]},{\"@type\":\"ImageObject\",\"inLanguage\":\"en-US\",\"@id\":\"https:\\\/\\\/strategichealthcommunication.com\\\/index.php\\\/en\\\/contact\\\/#primaryimage\",\"url\":\"https:\\\/\\\/strategichealthcommunication.com\\\/wp-content\\\/uploads\\\/2023\\\/03\\\/Captura-de-pantalla-2023-03-29-a-las-10.44.55.png\",\"contentUrl\":\"https:\\\/\\\/strategichealthcommunication.com\\\/wp-content\\\/uploads\\\/2023\\\/03\\\/Captura-de-pantalla-2023-03-29-a-las-10.44.55.png\",\"width\":1906,\"height\":625},{\"@type\":\"BreadcrumbList\",\"@id\":\"https:\\\/\\\/strategichealthcommunication.com\\\/index.php\\\/en\\\/contact\\\/#breadcrumb\",\"itemListElement\":[{\"@type\":\"ListItem\",\"position\":1,\"name\":\"Home\",\"item\":\"https:\\\/\\\/strategichealthcommunication.com\\\/\"},{\"@type\":\"ListItem\",\"position\":2,\"name\":\"Contact\"}]},{\"@type\":\"WebSite\",\"@id\":\"https:\\\/\\\/strategichealthcommunication.com\\\/#website\",\"url\":\"https:\\\/\\\/strategichealthcommunication.com\\\/\",\"name\":\"\",\"description\":\"\",\"publisher\":{\"@id\":\"https:\\\/\\\/strategichealthcommunication.com\\\/#organization\"},\"potentialAction\":[{\"@type\":\"SearchAction\",\"target\":{\"@type\":\"EntryPoint\",\"urlTemplate\":\"https:\\\/\\\/strategichealthcommunication.com\\\/?s={search_term_string}\"},\"query-input\":{\"@type\":\"PropertyValueSpecification\",\"valueRequired\":true,\"valueName\":\"search_term_string\"}}],\"inLanguage\":\"en-US\"},{\"@type\":\"Organization\",\"@id\":\"https:\\\/\\\/strategichealthcommunication.com\\\/#organization\",\"name\":\"Comunicancerpiel\",\"url\":\"https:\\\/\\\/strategichealthcommunication.com\\\/\",\"logo\":{\"@type\":\"ImageObject\",\"inLanguage\":\"en-US\",\"@id\":\"https:\\\/\\\/strategichealthcommunication.com\\\/#\\\/schema\\\/logo\\\/image\\\/\",\"url\":\"https:\\\/\\\/strategichealthcommunication.com\\\/wp-content\\\/uploads\\\/2021\\\/11\\\/4-1.png\",\"contentUrl\":\"https:\\\/\\\/strategichealthcommunication.com\\\/wp-content\\\/uploads\\\/2021\\\/11\\\/4-1.png\",\"width\":500,\"height\":500,\"caption\":\"Comunicancerpiel\"},\"image\":{\"@id\":\"https:\\\/\\\/strategichealthcommunication.com\\\/#\\\/schema\\\/logo\\\/image\\\/\"},\"sameAs\":[\"https:\\\/\\\/www.facebook.com\\\/Comunicancer-112518534571202\",\"https:\\\/\\\/x.com\\\/comunicancer\",\"https:\\\/\\\/www.linkedin.com\\\/company\\\/80645838\"]}]}<\/script>\n<!-- \/ Yoast SEO plugin. -->","yoast_head_json":{"title":"Contact &#8226; Comunicancer","description":"If you would like to contact Comunicancer's research team, please do not hesitate to contact us.","robots":{"index":"index","follow":"follow","max-snippet":"max-snippet:-1","max-image-preview":"max-image-preview:large","max-video-preview":"max-video-preview:-1"},"canonical":"https:\/\/strategichealthcommunication.com\/index.php\/en\/contact\/","og_locale":"en_US","og_type":"article","og_url":"https:\/\/strategichealthcommunication.com\/index.php\/en\/contact\/","article_publisher":"https:\/\/www.facebook.com\/Comunicancer-112518534571202","article_modified_time":"2026-02-04T19:03:30+00:00","og_image":[{"url":"https:\/\/strategichealthcommunication.com\/wp-content\/uploads\/2021\/11\/cropped-4-1.png","type":"","width":"","height":""}],"twitter_card":"summary_large_image","twitter_image":"https:\/\/strategichealthcommunication.com\/wp-content\/uploads\/2021\/11\/cropped-4-1.png","twitter_site":"@comunicancer","twitter_misc":{"Est. reading time":"1 minute"},"schema":{"@context":"https:\/\/schema.org","@graph":[{"@type":"WebPage","@id":"https:\/\/strategichealthcommunication.com\/index.php\/en\/contact\/","url":"https:\/\/strategichealthcommunication.com\/index.php\/en\/contact\/","name":"Contact &#8226; Comunicancer","isPartOf":{"@id":"https:\/\/strategichealthcommunication.com\/#website"},"primaryImageOfPage":{"@id":"https:\/\/strategichealthcommunication.com\/index.php\/en\/contact\/#primaryimage"},"image":{"@id":"https:\/\/strategichealthcommunication.com\/index.php\/en\/contact\/#primaryimage"},"thumbnailUrl":"https:\/\/strategichealthcommunication.com\/wp-content\/uploads\/2023\/03\/Captura-de-pantalla-2023-03-29-a-las-10.44.55-300x98.png","datePublished":"2024-07-03T11:27:27+00:00","dateModified":"2026-02-04T19:03:30+00:00","description":"If you would like to contact Comunicancer's research team, please do not hesitate to contact us.","breadcrumb":{"@id":"https:\/\/strategichealthcommunication.com\/index.php\/en\/contact\/#breadcrumb"},"inLanguage":"en-US","potentialAction":[{"@type":"ReadAction","target":["https:\/\/strategichealthcommunication.com\/index.php\/en\/contact\/"]}]},{"@type":"ImageObject","inLanguage":"en-US","@id":"https:\/\/strategichealthcommunication.com\/index.php\/en\/contact\/#primaryimage","url":"https:\/\/strategichealthcommunication.com\/wp-content\/uploads\/2023\/03\/Captura-de-pantalla-2023-03-29-a-las-10.44.55.png","contentUrl":"https:\/\/strategichealthcommunication.com\/wp-content\/uploads\/2023\/03\/Captura-de-pantalla-2023-03-29-a-las-10.44.55.png","width":1906,"height":625},{"@type":"BreadcrumbList","@id":"https:\/\/strategichealthcommunication.com\/index.php\/en\/contact\/#breadcrumb","itemListElement":[{"@type":"ListItem","position":1,"name":"Home","item":"https:\/\/strategichealthcommunication.com\/"},{"@type":"ListItem","position":2,"name":"Contact"}]},{"@type":"WebSite","@id":"https:\/\/strategichealthcommunication.com\/#website","url":"https:\/\/strategichealthcommunication.com\/","name":"","description":"","publisher":{"@id":"https:\/\/strategichealthcommunication.com\/#organization"},"potentialAction":[{"@type":"SearchAction","target":{"@type":"EntryPoint","urlTemplate":"https:\/\/strategichealthcommunication.com\/?s={search_term_string}"},"query-input":{"@type":"PropertyValueSpecification","valueRequired":true,"valueName":"search_term_string"}}],"inLanguage":"en-US"},{"@type":"Organization","@id":"https:\/\/strategichealthcommunication.com\/#organization","name":"Comunicancerpiel","url":"https:\/\/strategichealthcommunication.com\/","logo":{"@type":"ImageObject","inLanguage":"en-US","@id":"https:\/\/strategichealthcommunication.com\/#\/schema\/logo\/image\/","url":"https:\/\/strategichealthcommunication.com\/wp-content\/uploads\/2021\/11\/4-1.png","contentUrl":"https:\/\/strategichealthcommunication.com\/wp-content\/uploads\/2021\/11\/4-1.png","width":500,"height":500,"caption":"Comunicancerpiel"},"image":{"@id":"https:\/\/strategichealthcommunication.com\/#\/schema\/logo\/image\/"},"sameAs":["https:\/\/www.facebook.com\/Comunicancer-112518534571202","https:\/\/x.com\/comunicancer","https:\/\/www.linkedin.com\/company\/80645838"]}]}},"_links":{"self":[{"href":"https:\/\/strategichealthcommunication.com\/index.php\/wp-json\/wp\/v2\/pages\/2013","targetHints":{"allow":["GET"]}}],"collection":[{"href":"https:\/\/strategichealthcommunication.com\/index.php\/wp-json\/wp\/v2\/pages"}],"about":[{"href":"https:\/\/strategichealthcommunication.com\/index.php\/wp-json\/wp\/v2\/types\/page"}],"author":[{"embeddable":true,"href":"https:\/\/strategichealthcommunication.com\/index.php\/wp-json\/wp\/v2\/users\/1"}],"replies":[{"embeddable":true,"href":"https:\/\/strategichealthcommunication.com\/index.php\/wp-json\/wp\/v2\/comments?post=2013"}],"version-history":[{"count":10,"href":"https:\/\/strategichealthcommunication.com\/index.php\/wp-json\/wp\/v2\/pages\/2013\/revisions"}],"predecessor-version":[{"id":3840,"href":"https:\/\/strategichealthcommunication.com\/index.php\/wp-json\/wp\/v2\/pages\/2013\/revisions\/3840"}],"wp:attachment":[{"href":"https:\/\/strategichealthcommunication.com\/index.php\/wp-json\/wp\/v2\/media?parent=2013"}],"curies":[{"name":"wp","href":"https:\/\/api.w.org\/{rel}","templated":true}]}}