{"id":3508,"date":"2026-01-29T14:59:41","date_gmt":"2026-01-29T14:59:41","guid":{"rendered":"https:\/\/strategichealthcommunication.com\/?page_id=3508"},"modified":"2026-01-29T15:02:31","modified_gmt":"2026-01-29T15:02:31","slug":"marisa-humanes","status":"publish","type":"page","link":"https:\/\/strategichealthcommunication.com\/index.php\/marisa-humanes\/","title":{"rendered":"Marisa Humanes"},"content":{"rendered":"\t\t<div data-elementor-type=\"wp-page\" data-elementor-id=\"3508\" class=\"elementor elementor-3508\">\n\t\t\t\t\t\t<section class=\"elementor-section elementor-top-section elementor-element elementor-element-8eb662c elementor-section-boxed elementor-section-height-default elementor-section-height-default\" data-id=\"8eb662c\" data-element_type=\"section\">\n\t\t\t\t\t\t<div class=\"elementor-container elementor-column-gap-default\">\n\t\t\t\t\t<div class=\"elementor-column elementor-col-100 elementor-top-column elementor-element elementor-element-bec59b1\" data-id=\"bec59b1\" data-element_type=\"column\">\n\t\t\t<div class=\"elementor-widget-wrap elementor-element-populated\">\n\t\t\t\t\t\t<div class=\"elementor-element elementor-element-52dd54c elementor-widget elementor-widget-heading\" data-id=\"52dd54c\" data-element_type=\"widget\" data-settings=\"{&quot;_animation&quot;:&quot;none&quot;}\" data-widget_type=\"heading.default\">\n\t\t\t\t<div class=\"elementor-widget-container\">\n\t\t\t\t\t<h2 class=\"elementor-heading-title elementor-size-default\">Marisa Humanes<\/h2>\t\t\t\t<\/div>\n\t\t\t\t<\/div>\n\t\t\t\t<div class=\"elementor-element elementor-element-39673ba elementor-widget elementor-widget-text-editor\" data-id=\"39673ba\" data-element_type=\"widget\" data-widget_type=\"text-editor.default\">\n\t\t\t\t<div class=\"elementor-widget-container\">\n\t\t\t\t\t\t\t\t\t<p><b>HISTORIAL RESUMIDO<\/b><\/p><p style=\"font-size: 15px; font-style: normal; font-weight: 400;\"><span style=\"vertical-align: inherit;\">Doctora en Ciencias de la Informaci\u00f3n por la Universidad Complutense (1997), ha ejercido tareas docentes y de investigaci\u00f3n en la Universidad Complutense (1996-97), en la Universidad de Salamanca como profesora ayudante de Facultad en el Departamento de Sociolog\u00eda y Comunicaci\u00f3n desde 1997, hasta la obtenci\u00f3n de una plaza de Profesora Titular de Universidad en 2002. En el curso 2002-2003 la Universidad Rey Juan Carlos solicit\u00f3 su incorporaci\u00f3n como Profesora en Comisi\u00f3n de Servicios. En 2005 tom\u00f3 posesi\u00f3n de la plaza de Titular de Universidad en este centro. Tiene reconocidos tres sexenios de investigaci\u00f3n CNEAI y tres evaluaciones positivas del programa Docentia. Ha obtenido la acreditaci\u00f3n catedr\u00e1tica de Universidad.<\/span><\/p><p style=\"font-size: 15px; font-style: normal; font-weight: 400;\"><span style=\"vertical-align: inherit;\">Entre sus l\u00edneas de investigaci\u00f3n se encuentran:<\/span><\/p><ul style=\"font-size: 15px; font-style: normal; font-weight: 400;\"><li style=\"font-size: 15px;\"><span style=\"vertical-align: inherit;\">Teor\u00edas y m\u00e9todos de investigaci\u00f3n aplicados a la comunicaci\u00f3n.<\/span><\/li><li style=\"font-size: 15px;\"><span style=\"vertical-align: inherit;\">Profesionalizaci\u00f3n y culturas profesionales en el periodismo.<\/span><\/li><li style=\"font-size: 15px;\"><span style=\"vertical-align: inherit;\">An\u00e1lisis de contenido aplicado al discurso period\u00edstico.<\/span><\/li><\/ul><p style=\"font-size: 15px; font-weight: 400;\"><span style=\"font-style: normal; vertical-align: inherit;\">He tenido la oportunidad de dirigir como IP tres proyectos de investigaci\u00f3n. Ha ayudado como investigadora en cuatro proyectos de investigaci\u00f3n financiados en los \u00faltimos 10 a\u00f1os. En la actualidad lidera al equipo espa\u00f1ol en el proyecto\u00a0<\/span><i style=\"font-style: normal;\">Rendimiento de<\/i><i>\u00a0<\/i><span style=\"vertical-align: inherit;\"><span style=\"font-weight: inherit; vertical-align: inherit;\"><span style=\"vertical-align: inherit;\"><span style=\"vertical-align: inherit;\"><span style=\"vertical-align: inherit;\"><span style=\"vertical-align: inherit;\"><span style=\"vertical-align: inherit;\"><span style=\"vertical-align: inherit;\"><span style=\"vertical-align: inherit;\"><span style=\"vertical-align: inherit;\"><i>\u00a0rol period\u00edstico<\/i><span style=\"font-style: inherit;\">\u00a0<\/span><\/span><\/span><\/span><\/span><\/span><\/span><\/span><\/span><\/span><a style=\"font-style: inherit; transition-property: all; font-weight: inherit;\" href=\"http:\/\/www.journalisticperformance.org\/\"><span style=\"vertical-align: inherit;\"><span style=\"vertical-align: inherit;\"><span style=\"vertical-align: inherit;\"><span style=\"vertical-align: inherit;\"><span style=\"vertical-align: inherit;\"><span style=\"vertical-align: inherit;\"><span style=\"vertical-align: inherit;\"><span style=\"vertical-align: inherit;\">http:\/\/www.journalisticperformance.org\/\u00a0<\/span><\/span><\/span><\/span><\/span><\/span><\/span><\/span><\/a><span style=\"font-style: inherit; font-weight: inherit; vertical-align: inherit;\"><span style=\"vertical-align: inherit;\"><span style=\"vertical-align: inherit;\"><span style=\"vertical-align: inherit;\"><span style=\"vertical-align: inherit;\"><span style=\"vertical-align: inherit;\"><span style=\"vertical-align: inherit;\"><span style=\"vertical-align: inherit;\"><span style=\"vertical-align: inherit;\">y del proyecto ANID-COVID \u201cAn\u00e1lisis y monitoreo autom\u00e1tico del rol del periodismo y los medios en sus diferentes plataformas durante las fases de la crisis sanitaria provocada por el COVID-19 en nueve pa\u00edses de Am\u00e9rica, Europa y Asia\u201d, financiada por la Agencia Nacional de Investigaci\u00f3n y Desarrollo de Chile.<\/span><\/span><\/span><\/span><\/span><\/span><\/span><\/span><\/span><\/span><span style=\"font-style: normal; vertical-align: inherit;\">\u00a0<\/span><span style=\"font-style: inherit; font-weight: inherit; vertical-align: inherit;\">\u00a0<\/span><\/p><p style=\"font-size: 15px; font-style: normal; font-weight: 400;\"><span style=\"vertical-align: inherit;\">En estos proyectos, debemos destacar la aplicaci\u00f3n de dos t\u00e9cnicas de investigaci\u00f3n principales: la encuesta (4 publicaciones y 6) y el an\u00e1lisis de contenido (publicaciones 1, 2, 3, 5, 9, 10, 11, 12, 13 y 14).<\/span><\/p><p style=\"font-size: 15px; font-style: normal; font-weight: 400;\"><span style=\"vertical-align: inherit;\">Pertenece al grupo de investigaci\u00f3n GEAC (URJC, y es miembro de las asociaciones cient\u00edficas: International Communication Association ICA), International Association for Mass Communication Research (IAMCR) y Asociaci\u00f3n Espa\u00f1ola de Investigadores de la Comunicaci\u00f3n (AEIC).<\/span><\/p><p style=\"font-size: 15px; font-style: normal; font-weight: 400;\"><span style=\"vertical-align: inherit;\">Entre los m\u00e9ritos de gesti\u00f3n ocupa el puesto de Secretar\u00eda Acad\u00e9mica del Departamento de Sociolog\u00eda y Comunicaci\u00f3n de la Universidad de Salamanca. En 2006 como primero en funciones, y posteriormente por elecci\u00f3n, el cargo de Director del Departamento de Ciencias de la Comunicaci\u00f3n 2 de la Universidad Rey Juan Carlos. Ha sido coordinadora del Programa de Doctorado en Ciencias Sociales y Jur\u00eddicas de la Universidad Rey Juan Carlos (2019-2021) y en la actualidad es Vicerrectora de Relaciones Internacionales.<\/span><\/p>\t\t\t\t\t\t\t\t<\/div>\n\t\t\t\t<\/div>\n\t\t\t\t\t<\/div>\n\t\t<\/div>\n\t\t\t\t\t<\/div>\n\t\t<\/section>\n\t\t\t\t<\/div>\n\t\t","protected":false},"excerpt":{"rendered":"<p>Marisa Humanes HISTORIAL RESUMIDO Doctora en Ciencias de la Informaci\u00f3n por la Universidad Complutense (1997), ha ejercido tareas docentes y de investigaci\u00f3n en la Universidad Complutense (1996-97), en la Universidad de Salamanca como profesora ayudante de Facultad en el Departamento de Sociolog\u00eda y Comunicaci\u00f3n desde 1997, hasta la obtenci\u00f3n de una plaza de Profesora Titular [&hellip;]<\/p>\n","protected":false},"author":1,"featured_media":0,"parent":0,"menu_order":0,"comment_status":"closed","ping_status":"closed","template":"","meta":{"site-sidebar-layout":"no-sidebar","site-content-layout":"page-builder","ast-site-content-layout":"full-width-container","site-content-style":"default","site-sidebar-style":"default","ast-global-header-display":"","ast-banner-title-visibility":"","ast-main-header-display":"","ast-hfb-above-header-display":"","ast-hfb-below-header-display":"","ast-hfb-mobile-header-display":"","site-post-title":"","ast-breadcrumbs-content":"","ast-featured-img":"disabled","footer-sml-layout":"","theme-transparent-header-meta":"","adv-header-id-meta":"","stick-header-meta":"","header-above-stick-meta":"","header-main-stick-meta":"","header-below-stick-meta":"","astra-migrate-meta-layouts":"default","ast-page-background-enabled":"default","ast-page-background-meta":{"desktop":{"background-color":"var(--ast-global-color-4)","background-image":"","background-repeat":"repeat","background-position":"center center","background-size":"auto","background-attachment":"scroll","background-type":"","background-media":"","overlay-type":"","overlay-color":"","overlay-opacity":"","overlay-gradient":""},"tablet":{"background-color":"","background-image":"","background-repeat":"repeat","background-position":"center center","background-size":"auto","background-attachment":"scroll","background-type":"","background-media":"","overlay-type":"","overlay-color":"","overlay-opacity":"","overlay-gradient":""},"mobile":{"background-color":"","background-image":"","background-repeat":"repeat","background-position":"center center","background-size":"auto","background-attachment":"scroll","background-type":"","background-media":"","overlay-type":"","overlay-color":"","overlay-opacity":"","overlay-gradient":""}},"ast-content-background-meta":{"desktop":{"background-color":"var(--ast-global-color-5)","background-image":"","background-repeat":"repeat","background-position":"center center","background-size":"auto","background-attachment":"scroll","background-type":"","background-media":"","overlay-type":"","overlay-color":"","overlay-opacity":"","overlay-gradient":""},"tablet":{"background-color":"var(--ast-global-color-5)","background-image":"","background-repeat":"repeat","background-position":"center center","background-size":"auto","background-attachment":"scroll","background-type":"","background-media":"","overlay-type":"","overlay-color":"","overlay-opacity":"","overlay-gradient":""},"mobile":{"background-color":"var(--ast-global-color-5)","background-image":"","background-repeat":"repeat","background-position":"center center","background-size":"auto","background-attachment":"scroll","background-type":"","background-media":"","overlay-type":"","overlay-color":"","overlay-opacity":"","overlay-gradient":""}},"footnotes":""},"class_list":["post-3508","page","type-page","status-publish","hentry"],"yoast_head":"<!-- This site is optimized with the Yoast SEO plugin v27.3 - https:\/\/yoast.com\/product\/yoast-seo-wordpress\/ -->\n<title>Marisa Humanes &#8226;<\/title>\n<meta name=\"robots\" content=\"index, follow, max-snippet:-1, max-image-preview:large, max-video-preview:-1\" \/>\n<link rel=\"canonical\" href=\"https:\/\/strategichealthcommunication.com\/index.php\/marisa-humanes\/\" \/>\n<meta property=\"og:locale\" content=\"en_US\" \/>\n<meta property=\"og:type\" content=\"article\" \/>\n<meta property=\"og:title\" content=\"Marisa Humanes &#8226;\" \/>\n<meta property=\"og:description\" content=\"Marisa Humanes HISTORIAL RESUMIDO Doctora en Ciencias de la Informaci\u00f3n por la Universidad Complutense (1997), ha ejercido tareas docentes y de investigaci\u00f3n en la Universidad Complutense (1996-97), en la Universidad de Salamanca como profesora ayudante de Facultad en el Departamento de Sociolog\u00eda y Comunicaci\u00f3n desde 1997, hasta la obtenci\u00f3n de una plaza de Profesora Titular [&hellip;]\" \/>\n<meta property=\"og:url\" content=\"https:\/\/strategichealthcommunication.com\/index.php\/marisa-humanes\/\" \/>\n<meta property=\"article:publisher\" content=\"https:\/\/www.facebook.com\/Comunicancer-112518534571202\" \/>\n<meta property=\"article:modified_time\" content=\"2026-01-29T15:02:31+00:00\" \/>\n<meta name=\"twitter:card\" content=\"summary_large_image\" \/>\n<meta name=\"twitter:site\" content=\"@comunicancer\" \/>\n<meta name=\"twitter:label1\" content=\"Est. reading time\" \/>\n\t<meta name=\"twitter:data1\" content=\"2 minutes\" \/>\n<script type=\"application\/ld+json\" class=\"yoast-schema-graph\">{\"@context\":\"https:\\\/\\\/schema.org\",\"@graph\":[{\"@type\":\"WebPage\",\"@id\":\"https:\\\/\\\/strategichealthcommunication.com\\\/index.php\\\/marisa-humanes\\\/\",\"url\":\"https:\\\/\\\/strategichealthcommunication.com\\\/index.php\\\/marisa-humanes\\\/\",\"name\":\"Marisa Humanes &#8226;\",\"isPartOf\":{\"@id\":\"https:\\\/\\\/strategichealthcommunication.com\\\/#website\"},\"datePublished\":\"2026-01-29T14:59:41+00:00\",\"dateModified\":\"2026-01-29T15:02:31+00:00\",\"breadcrumb\":{\"@id\":\"https:\\\/\\\/strategichealthcommunication.com\\\/index.php\\\/marisa-humanes\\\/#breadcrumb\"},\"inLanguage\":\"en-US\",\"potentialAction\":[{\"@type\":\"ReadAction\",\"target\":[\"https:\\\/\\\/strategichealthcommunication.com\\\/index.php\\\/marisa-humanes\\\/\"]}]},{\"@type\":\"BreadcrumbList\",\"@id\":\"https:\\\/\\\/strategichealthcommunication.com\\\/index.php\\\/marisa-humanes\\\/#breadcrumb\",\"itemListElement\":[{\"@type\":\"ListItem\",\"position\":1,\"name\":\"Home\",\"item\":\"https:\\\/\\\/strategichealthcommunication.com\\\/\"},{\"@type\":\"ListItem\",\"position\":2,\"name\":\"Marisa Humanes\"}]},{\"@type\":\"WebSite\",\"@id\":\"https:\\\/\\\/strategichealthcommunication.com\\\/#website\",\"url\":\"https:\\\/\\\/strategichealthcommunication.com\\\/\",\"name\":\"\",\"description\":\"\",\"publisher\":{\"@id\":\"https:\\\/\\\/strategichealthcommunication.com\\\/#organization\"},\"potentialAction\":[{\"@type\":\"SearchAction\",\"target\":{\"@type\":\"EntryPoint\",\"urlTemplate\":\"https:\\\/\\\/strategichealthcommunication.com\\\/?s={search_term_string}\"},\"query-input\":{\"@type\":\"PropertyValueSpecification\",\"valueRequired\":true,\"valueName\":\"search_term_string\"}}],\"inLanguage\":\"en-US\"},{\"@type\":\"Organization\",\"@id\":\"https:\\\/\\\/strategichealthcommunication.com\\\/#organization\",\"name\":\"Comunicancerpiel\",\"url\":\"https:\\\/\\\/strategichealthcommunication.com\\\/\",\"logo\":{\"@type\":\"ImageObject\",\"inLanguage\":\"en-US\",\"@id\":\"https:\\\/\\\/strategichealthcommunication.com\\\/#\\\/schema\\\/logo\\\/image\\\/\",\"url\":\"https:\\\/\\\/strategichealthcommunication.com\\\/wp-content\\\/uploads\\\/2021\\\/11\\\/4-1.png\",\"contentUrl\":\"https:\\\/\\\/strategichealthcommunication.com\\\/wp-content\\\/uploads\\\/2021\\\/11\\\/4-1.png\",\"width\":500,\"height\":500,\"caption\":\"Comunicancerpiel\"},\"image\":{\"@id\":\"https:\\\/\\\/strategichealthcommunication.com\\\/#\\\/schema\\\/logo\\\/image\\\/\"},\"sameAs\":[\"https:\\\/\\\/www.facebook.com\\\/Comunicancer-112518534571202\",\"https:\\\/\\\/x.com\\\/comunicancer\",\"https:\\\/\\\/www.linkedin.com\\\/company\\\/80645838\"]}]}<\/script>\n<!-- \/ Yoast SEO plugin. -->","yoast_head_json":{"title":"Marisa Humanes &#8226;","robots":{"index":"index","follow":"follow","max-snippet":"max-snippet:-1","max-image-preview":"max-image-preview:large","max-video-preview":"max-video-preview:-1"},"canonical":"https:\/\/strategichealthcommunication.com\/index.php\/marisa-humanes\/","og_locale":"en_US","og_type":"article","og_title":"Marisa Humanes &#8226;","og_description":"Marisa Humanes HISTORIAL RESUMIDO Doctora en Ciencias de la Informaci\u00f3n por la Universidad Complutense (1997), ha ejercido tareas docentes y de investigaci\u00f3n en la Universidad Complutense (1996-97), en la Universidad de Salamanca como profesora ayudante de Facultad en el Departamento de Sociolog\u00eda y Comunicaci\u00f3n desde 1997, hasta la obtenci\u00f3n de una plaza de Profesora Titular [&hellip;]","og_url":"https:\/\/strategichealthcommunication.com\/index.php\/marisa-humanes\/","article_publisher":"https:\/\/www.facebook.com\/Comunicancer-112518534571202","article_modified_time":"2026-01-29T15:02:31+00:00","twitter_card":"summary_large_image","twitter_site":"@comunicancer","twitter_misc":{"Est. reading time":"2 minutes"},"schema":{"@context":"https:\/\/schema.org","@graph":[{"@type":"WebPage","@id":"https:\/\/strategichealthcommunication.com\/index.php\/marisa-humanes\/","url":"https:\/\/strategichealthcommunication.com\/index.php\/marisa-humanes\/","name":"Marisa Humanes &#8226;","isPartOf":{"@id":"https:\/\/strategichealthcommunication.com\/#website"},"datePublished":"2026-01-29T14:59:41+00:00","dateModified":"2026-01-29T15:02:31+00:00","breadcrumb":{"@id":"https:\/\/strategichealthcommunication.com\/index.php\/marisa-humanes\/#breadcrumb"},"inLanguage":"en-US","potentialAction":[{"@type":"ReadAction","target":["https:\/\/strategichealthcommunication.com\/index.php\/marisa-humanes\/"]}]},{"@type":"BreadcrumbList","@id":"https:\/\/strategichealthcommunication.com\/index.php\/marisa-humanes\/#breadcrumb","itemListElement":[{"@type":"ListItem","position":1,"name":"Home","item":"https:\/\/strategichealthcommunication.com\/"},{"@type":"ListItem","position":2,"name":"Marisa Humanes"}]},{"@type":"WebSite","@id":"https:\/\/strategichealthcommunication.com\/#website","url":"https:\/\/strategichealthcommunication.com\/","name":"","description":"","publisher":{"@id":"https:\/\/strategichealthcommunication.com\/#organization"},"potentialAction":[{"@type":"SearchAction","target":{"@type":"EntryPoint","urlTemplate":"https:\/\/strategichealthcommunication.com\/?s={search_term_string}"},"query-input":{"@type":"PropertyValueSpecification","valueRequired":true,"valueName":"search_term_string"}}],"inLanguage":"en-US"},{"@type":"Organization","@id":"https:\/\/strategichealthcommunication.com\/#organization","name":"Comunicancerpiel","url":"https:\/\/strategichealthcommunication.com\/","logo":{"@type":"ImageObject","inLanguage":"en-US","@id":"https:\/\/strategichealthcommunication.com\/#\/schema\/logo\/image\/","url":"https:\/\/strategichealthcommunication.com\/wp-content\/uploads\/2021\/11\/4-1.png","contentUrl":"https:\/\/strategichealthcommunication.com\/wp-content\/uploads\/2021\/11\/4-1.png","width":500,"height":500,"caption":"Comunicancerpiel"},"image":{"@id":"https:\/\/strategichealthcommunication.com\/#\/schema\/logo\/image\/"},"sameAs":["https:\/\/www.facebook.com\/Comunicancer-112518534571202","https:\/\/x.com\/comunicancer","https:\/\/www.linkedin.com\/company\/80645838"]}]}},"_links":{"self":[{"href":"https:\/\/strategichealthcommunication.com\/index.php\/wp-json\/wp\/v2\/pages\/3508","targetHints":{"allow":["GET"]}}],"collection":[{"href":"https:\/\/strategichealthcommunication.com\/index.php\/wp-json\/wp\/v2\/pages"}],"about":[{"href":"https:\/\/strategichealthcommunication.com\/index.php\/wp-json\/wp\/v2\/types\/page"}],"author":[{"embeddable":true,"href":"https:\/\/strategichealthcommunication.com\/index.php\/wp-json\/wp\/v2\/users\/1"}],"replies":[{"embeddable":true,"href":"https:\/\/strategichealthcommunication.com\/index.php\/wp-json\/wp\/v2\/comments?post=3508"}],"version-history":[{"count":4,"href":"https:\/\/strategichealthcommunication.com\/index.php\/wp-json\/wp\/v2\/pages\/3508\/revisions"}],"predecessor-version":[{"id":3512,"href":"https:\/\/strategichealthcommunication.com\/index.php\/wp-json\/wp\/v2\/pages\/3508\/revisions\/3512"}],"wp:attachment":[{"href":"https:\/\/strategichealthcommunication.com\/index.php\/wp-json\/wp\/v2\/media?parent=3508"}],"curies":[{"name":"wp","href":"https:\/\/api.w.org\/{rel}","templated":true}]}}