{"id":3524,"date":"2026-01-29T15:07:52","date_gmt":"2026-01-29T15:07:52","guid":{"rendered":"https:\/\/strategichealthcommunication.com\/?page_id=3524"},"modified":"2026-01-29T16:03:35","modified_gmt":"2026-01-29T16:03:35","slug":"nuria-blazquez","status":"publish","type":"page","link":"https:\/\/strategichealthcommunication.com\/index.php\/nuria-blazquez\/","title":{"rendered":"Nuria Blazquez"},"content":{"rendered":"\t\t<div data-elementor-type=\"wp-page\" data-elementor-id=\"3524\" class=\"elementor elementor-3524\">\n\t\t\t\t\t\t<section class=\"elementor-section elementor-top-section elementor-element elementor-element-6f48f75 elementor-section-boxed elementor-section-height-default elementor-section-height-default\" data-id=\"6f48f75\" data-element_type=\"section\">\n\t\t\t\t\t\t<div class=\"elementor-container elementor-column-gap-default\">\n\t\t\t\t\t<div class=\"elementor-column elementor-col-100 elementor-top-column elementor-element elementor-element-b1cb284\" data-id=\"b1cb284\" data-element_type=\"column\">\n\t\t\t<div class=\"elementor-widget-wrap elementor-element-populated\">\n\t\t\t\t\t\t<div class=\"elementor-element elementor-element-83c5d0b elementor-widget elementor-widget-heading\" data-id=\"83c5d0b\" data-element_type=\"widget\" data-settings=\"{&quot;_animation&quot;:&quot;none&quot;}\" data-widget_type=\"heading.default\">\n\t\t\t\t<div class=\"elementor-widget-container\">\n\t\t\t\t\t<h2 class=\"elementor-heading-title elementor-size-default\">Nuria Bl\u00e1zquez<\/h2>\t\t\t\t<\/div>\n\t\t\t\t<\/div>\n\t\t\t\t<div class=\"elementor-element elementor-element-ded92fd elementor-widget elementor-widget-text-editor\" data-id=\"ded92fd\" data-element_type=\"widget\" data-widget_type=\"text-editor.default\">\n\t\t\t\t<div class=\"elementor-widget-container\">\n\t\t\t\t\t\t\t\t\t<p><b>HISTORIAL RESUMIDO<\/b><\/p><p>Desde Hospital Universitario Costa del Sol complementa el equipo de investigaci\u00f3n la Dra. Nuria Bl\u00e1zquez S\u00e1nchez con una amplia experiencia en promoci\u00f3n de la salud e investigaci\u00f3n sobre aspectos de la prevenci\u00f3n y tratamiento de los distintos c\u00e1nceres de piel (82 publicaciones, citas=618, Hindex=14).\u00a0<\/p><p>Nuria Bl\u00e1quez es un pilar fundamental en la investigaci\u00f3n desarrollada por el Hospital Universitario Costa del Sol\u00a0y compartiendo la patente U201900596 de la Universidad de C\u00e1diz para la medici\u00f3n de temperatura, sudoraci\u00f3n y radiaci\u00f3n ultravioleta. Adem\u00e1s, es una de las principales autoras espa\u00f1olas sobre foto prevenci\u00f3n de c\u00e1ncer de piel en revistas nacionales e internacionales con <br \/>trabajos sobre poblaciones espec\u00edficas como deportistas, personal de turismo, comunidad escolar y universitaria.\u00a0<\/p><p>Destacan como \u00e1reas de investigaci\u00f3n el desarrollo y la validaci\u00f3n de cuestionarios espec\u00edficos por edad para estudio de h\u00e1bitos, actitudes y conocimientos sobre exposici\u00f3n solar (CHRESI y CHACES), y creaci\u00f3n de material educativo en foto protecci\u00f3n. Su <br \/>experiencia sobre prevenci\u00f3n de sectores espec\u00edficos de poblaci\u00f3n ser\u00e1 un importante apoyo para la ejecuci\u00f3n y difusi\u00f3n del proyecto.<\/p>\t\t\t\t\t\t\t\t<\/div>\n\t\t\t\t<\/div>\n\t\t\t\t\t<\/div>\n\t\t<\/div>\n\t\t\t\t\t<\/div>\n\t\t<\/section>\n\t\t\t\t<\/div>\n\t\t","protected":false},"excerpt":{"rendered":"<p>Nuria Bl\u00e1zquez HISTORIAL RESUMIDO Desde Hospital Universitario Costa del Sol complementa el equipo de investigaci\u00f3n la Dra. Nuria Bl\u00e1zquez S\u00e1nchez con una amplia experiencia en promoci\u00f3n de la salud e investigaci\u00f3n sobre aspectos de la prevenci\u00f3n y tratamiento de los distintos c\u00e1nceres de piel (82 publicaciones, citas=618, Hindex=14).\u00a0 Nuria Bl\u00e1quez es un pilar fundamental en [&hellip;]<\/p>\n","protected":false},"author":1,"featured_media":0,"parent":0,"menu_order":0,"comment_status":"closed","ping_status":"closed","template":"","meta":{"site-sidebar-layout":"no-sidebar","site-content-layout":"page-builder","ast-site-content-layout":"full-width-container","site-content-style":"default","site-sidebar-style":"default","ast-global-header-display":"","ast-banner-title-visibility":"","ast-main-header-display":"","ast-hfb-above-header-display":"","ast-hfb-below-header-display":"","ast-hfb-mobile-header-display":"","site-post-title":"","ast-breadcrumbs-content":"","ast-featured-img":"disabled","footer-sml-layout":"","theme-transparent-header-meta":"","adv-header-id-meta":"","stick-header-meta":"","header-above-stick-meta":"","header-main-stick-meta":"","header-below-stick-meta":"","astra-migrate-meta-layouts":"default","ast-page-background-enabled":"default","ast-page-background-meta":{"desktop":{"background-color":"var(--ast-global-color-4)","background-image":"","background-repeat":"repeat","background-position":"center center","background-size":"auto","background-attachment":"scroll","background-type":"","background-media":"","overlay-type":"","overlay-color":"","overlay-opacity":"","overlay-gradient":""},"tablet":{"background-color":"","background-image":"","background-repeat":"repeat","background-position":"center center","background-size":"auto","background-attachment":"scroll","background-type":"","background-media":"","overlay-type":"","overlay-color":"","overlay-opacity":"","overlay-gradient":""},"mobile":{"background-color":"","background-image":"","background-repeat":"repeat","background-position":"center center","background-size":"auto","background-attachment":"scroll","background-type":"","background-media":"","overlay-type":"","overlay-color":"","overlay-opacity":"","overlay-gradient":""}},"ast-content-background-meta":{"desktop":{"background-color":"var(--ast-global-color-5)","background-image":"","background-repeat":"repeat","background-position":"center center","background-size":"auto","background-attachment":"scroll","background-type":"","background-media":"","overlay-type":"","overlay-color":"","overlay-opacity":"","overlay-gradient":""},"tablet":{"background-color":"var(--ast-global-color-5)","background-image":"","background-repeat":"repeat","background-position":"center center","background-size":"auto","background-attachment":"scroll","background-type":"","background-media":"","overlay-type":"","overlay-color":"","overlay-opacity":"","overlay-gradient":""},"mobile":{"background-color":"var(--ast-global-color-5)","background-image":"","background-repeat":"repeat","background-position":"center center","background-size":"auto","background-attachment":"scroll","background-type":"","background-media":"","overlay-type":"","overlay-color":"","overlay-opacity":"","overlay-gradient":""}},"footnotes":""},"class_list":["post-3524","page","type-page","status-publish","hentry"],"yoast_head":"<!-- This site is optimized with the Yoast SEO plugin v27.3 - https:\/\/yoast.com\/product\/yoast-seo-wordpress\/ -->\n<title>Nuria Blazquez &#8226;<\/title>\n<meta name=\"robots\" content=\"index, follow, max-snippet:-1, max-image-preview:large, max-video-preview:-1\" \/>\n<link rel=\"canonical\" href=\"https:\/\/strategichealthcommunication.com\/index.php\/nuria-blazquez\/\" \/>\n<meta property=\"og:locale\" content=\"en_US\" \/>\n<meta property=\"og:type\" content=\"article\" \/>\n<meta property=\"og:title\" content=\"Nuria Blazquez &#8226;\" \/>\n<meta property=\"og:description\" content=\"Nuria Bl\u00e1zquez HISTORIAL RESUMIDO Desde Hospital Universitario Costa del Sol complementa el equipo de investigaci\u00f3n la Dra. Nuria Bl\u00e1zquez S\u00e1nchez con una amplia experiencia en promoci\u00f3n de la salud e investigaci\u00f3n sobre aspectos de la prevenci\u00f3n y tratamiento de los distintos c\u00e1nceres de piel (82 publicaciones, citas=618, Hindex=14).\u00a0 Nuria Bl\u00e1quez es un pilar fundamental en [&hellip;]\" \/>\n<meta property=\"og:url\" content=\"https:\/\/strategichealthcommunication.com\/index.php\/nuria-blazquez\/\" \/>\n<meta property=\"article:publisher\" content=\"https:\/\/www.facebook.com\/Comunicancer-112518534571202\" \/>\n<meta property=\"article:modified_time\" content=\"2026-01-29T16:03:35+00:00\" \/>\n<meta name=\"twitter:card\" content=\"summary_large_image\" \/>\n<meta name=\"twitter:site\" content=\"@comunicancer\" \/>\n<meta name=\"twitter:label1\" content=\"Est. reading time\" \/>\n\t<meta name=\"twitter:data1\" content=\"1 minute\" \/>\n<script type=\"application\/ld+json\" class=\"yoast-schema-graph\">{\"@context\":\"https:\\\/\\\/schema.org\",\"@graph\":[{\"@type\":\"WebPage\",\"@id\":\"https:\\\/\\\/strategichealthcommunication.com\\\/index.php\\\/nuria-blazquez\\\/\",\"url\":\"https:\\\/\\\/strategichealthcommunication.com\\\/index.php\\\/nuria-blazquez\\\/\",\"name\":\"Nuria Blazquez &#8226;\",\"isPartOf\":{\"@id\":\"https:\\\/\\\/strategichealthcommunication.com\\\/#website\"},\"datePublished\":\"2026-01-29T15:07:52+00:00\",\"dateModified\":\"2026-01-29T16:03:35+00:00\",\"breadcrumb\":{\"@id\":\"https:\\\/\\\/strategichealthcommunication.com\\\/index.php\\\/nuria-blazquez\\\/#breadcrumb\"},\"inLanguage\":\"en-US\",\"potentialAction\":[{\"@type\":\"ReadAction\",\"target\":[\"https:\\\/\\\/strategichealthcommunication.com\\\/index.php\\\/nuria-blazquez\\\/\"]}]},{\"@type\":\"BreadcrumbList\",\"@id\":\"https:\\\/\\\/strategichealthcommunication.com\\\/index.php\\\/nuria-blazquez\\\/#breadcrumb\",\"itemListElement\":[{\"@type\":\"ListItem\",\"position\":1,\"name\":\"Home\",\"item\":\"https:\\\/\\\/strategichealthcommunication.com\\\/\"},{\"@type\":\"ListItem\",\"position\":2,\"name\":\"Nuria Blazquez\"}]},{\"@type\":\"WebSite\",\"@id\":\"https:\\\/\\\/strategichealthcommunication.com\\\/#website\",\"url\":\"https:\\\/\\\/strategichealthcommunication.com\\\/\",\"name\":\"\",\"description\":\"\",\"publisher\":{\"@id\":\"https:\\\/\\\/strategichealthcommunication.com\\\/#organization\"},\"potentialAction\":[{\"@type\":\"SearchAction\",\"target\":{\"@type\":\"EntryPoint\",\"urlTemplate\":\"https:\\\/\\\/strategichealthcommunication.com\\\/?s={search_term_string}\"},\"query-input\":{\"@type\":\"PropertyValueSpecification\",\"valueRequired\":true,\"valueName\":\"search_term_string\"}}],\"inLanguage\":\"en-US\"},{\"@type\":\"Organization\",\"@id\":\"https:\\\/\\\/strategichealthcommunication.com\\\/#organization\",\"name\":\"Comunicancerpiel\",\"url\":\"https:\\\/\\\/strategichealthcommunication.com\\\/\",\"logo\":{\"@type\":\"ImageObject\",\"inLanguage\":\"en-US\",\"@id\":\"https:\\\/\\\/strategichealthcommunication.com\\\/#\\\/schema\\\/logo\\\/image\\\/\",\"url\":\"https:\\\/\\\/strategichealthcommunication.com\\\/wp-content\\\/uploads\\\/2021\\\/11\\\/4-1.png\",\"contentUrl\":\"https:\\\/\\\/strategichealthcommunication.com\\\/wp-content\\\/uploads\\\/2021\\\/11\\\/4-1.png\",\"width\":500,\"height\":500,\"caption\":\"Comunicancerpiel\"},\"image\":{\"@id\":\"https:\\\/\\\/strategichealthcommunication.com\\\/#\\\/schema\\\/logo\\\/image\\\/\"},\"sameAs\":[\"https:\\\/\\\/www.facebook.com\\\/Comunicancer-112518534571202\",\"https:\\\/\\\/x.com\\\/comunicancer\",\"https:\\\/\\\/www.linkedin.com\\\/company\\\/80645838\"]}]}<\/script>\n<!-- \/ Yoast SEO plugin. -->","yoast_head_json":{"title":"Nuria Blazquez &#8226;","robots":{"index":"index","follow":"follow","max-snippet":"max-snippet:-1","max-image-preview":"max-image-preview:large","max-video-preview":"max-video-preview:-1"},"canonical":"https:\/\/strategichealthcommunication.com\/index.php\/nuria-blazquez\/","og_locale":"en_US","og_type":"article","og_title":"Nuria Blazquez &#8226;","og_description":"Nuria Bl\u00e1zquez HISTORIAL RESUMIDO Desde Hospital Universitario Costa del Sol complementa el equipo de investigaci\u00f3n la Dra. Nuria Bl\u00e1zquez S\u00e1nchez con una amplia experiencia en promoci\u00f3n de la salud e investigaci\u00f3n sobre aspectos de la prevenci\u00f3n y tratamiento de los distintos c\u00e1nceres de piel (82 publicaciones, citas=618, Hindex=14).\u00a0 Nuria Bl\u00e1quez es un pilar fundamental en [&hellip;]","og_url":"https:\/\/strategichealthcommunication.com\/index.php\/nuria-blazquez\/","article_publisher":"https:\/\/www.facebook.com\/Comunicancer-112518534571202","article_modified_time":"2026-01-29T16:03:35+00:00","twitter_card":"summary_large_image","twitter_site":"@comunicancer","twitter_misc":{"Est. reading time":"1 minute"},"schema":{"@context":"https:\/\/schema.org","@graph":[{"@type":"WebPage","@id":"https:\/\/strategichealthcommunication.com\/index.php\/nuria-blazquez\/","url":"https:\/\/strategichealthcommunication.com\/index.php\/nuria-blazquez\/","name":"Nuria Blazquez &#8226;","isPartOf":{"@id":"https:\/\/strategichealthcommunication.com\/#website"},"datePublished":"2026-01-29T15:07:52+00:00","dateModified":"2026-01-29T16:03:35+00:00","breadcrumb":{"@id":"https:\/\/strategichealthcommunication.com\/index.php\/nuria-blazquez\/#breadcrumb"},"inLanguage":"en-US","potentialAction":[{"@type":"ReadAction","target":["https:\/\/strategichealthcommunication.com\/index.php\/nuria-blazquez\/"]}]},{"@type":"BreadcrumbList","@id":"https:\/\/strategichealthcommunication.com\/index.php\/nuria-blazquez\/#breadcrumb","itemListElement":[{"@type":"ListItem","position":1,"name":"Home","item":"https:\/\/strategichealthcommunication.com\/"},{"@type":"ListItem","position":2,"name":"Nuria Blazquez"}]},{"@type":"WebSite","@id":"https:\/\/strategichealthcommunication.com\/#website","url":"https:\/\/strategichealthcommunication.com\/","name":"","description":"","publisher":{"@id":"https:\/\/strategichealthcommunication.com\/#organization"},"potentialAction":[{"@type":"SearchAction","target":{"@type":"EntryPoint","urlTemplate":"https:\/\/strategichealthcommunication.com\/?s={search_term_string}"},"query-input":{"@type":"PropertyValueSpecification","valueRequired":true,"valueName":"search_term_string"}}],"inLanguage":"en-US"},{"@type":"Organization","@id":"https:\/\/strategichealthcommunication.com\/#organization","name":"Comunicancerpiel","url":"https:\/\/strategichealthcommunication.com\/","logo":{"@type":"ImageObject","inLanguage":"en-US","@id":"https:\/\/strategichealthcommunication.com\/#\/schema\/logo\/image\/","url":"https:\/\/strategichealthcommunication.com\/wp-content\/uploads\/2021\/11\/4-1.png","contentUrl":"https:\/\/strategichealthcommunication.com\/wp-content\/uploads\/2021\/11\/4-1.png","width":500,"height":500,"caption":"Comunicancerpiel"},"image":{"@id":"https:\/\/strategichealthcommunication.com\/#\/schema\/logo\/image\/"},"sameAs":["https:\/\/www.facebook.com\/Comunicancer-112518534571202","https:\/\/x.com\/comunicancer","https:\/\/www.linkedin.com\/company\/80645838"]}]}},"_links":{"self":[{"href":"https:\/\/strategichealthcommunication.com\/index.php\/wp-json\/wp\/v2\/pages\/3524","targetHints":{"allow":["GET"]}}],"collection":[{"href":"https:\/\/strategichealthcommunication.com\/index.php\/wp-json\/wp\/v2\/pages"}],"about":[{"href":"https:\/\/strategichealthcommunication.com\/index.php\/wp-json\/wp\/v2\/types\/page"}],"author":[{"embeddable":true,"href":"https:\/\/strategichealthcommunication.com\/index.php\/wp-json\/wp\/v2\/users\/1"}],"replies":[{"embeddable":true,"href":"https:\/\/strategichealthcommunication.com\/index.php\/wp-json\/wp\/v2\/comments?post=3524"}],"version-history":[{"count":10,"href":"https:\/\/strategichealthcommunication.com\/index.php\/wp-json\/wp\/v2\/pages\/3524\/revisions"}],"predecessor-version":[{"id":3607,"href":"https:\/\/strategichealthcommunication.com\/index.php\/wp-json\/wp\/v2\/pages\/3524\/revisions\/3607"}],"wp:attachment":[{"href":"https:\/\/strategichealthcommunication.com\/index.php\/wp-json\/wp\/v2\/media?parent=3524"}],"curies":[{"name":"wp","href":"https:\/\/api.w.org\/{rel}","templated":true}]}}