{"id":3529,"date":"2026-01-29T15:10:10","date_gmt":"2026-01-29T15:10:10","guid":{"rendered":"https:\/\/strategichealthcommunication.com\/?page_id=3529"},"modified":"2026-01-29T15:15:56","modified_gmt":"2026-01-29T15:15:56","slug":"cristina-fuentes","status":"publish","type":"page","link":"https:\/\/strategichealthcommunication.com\/index.php\/cristina-fuentes\/","title":{"rendered":"Cristina Fuentes"},"content":{"rendered":"\t\t<div data-elementor-type=\"wp-page\" data-elementor-id=\"3529\" class=\"elementor elementor-3529\">\n\t\t\t\t\t\t<section class=\"elementor-section elementor-top-section elementor-element elementor-element-0e28a36 elementor-section-boxed elementor-section-height-default elementor-section-height-default\" data-id=\"0e28a36\" data-element_type=\"section\">\n\t\t\t\t\t\t<div class=\"elementor-container elementor-column-gap-default\">\n\t\t\t\t\t<div class=\"elementor-column elementor-col-100 elementor-top-column elementor-element elementor-element-5d00d31\" data-id=\"5d00d31\" data-element_type=\"column\">\n\t\t\t<div class=\"elementor-widget-wrap elementor-element-populated\">\n\t\t\t\t\t\t<div class=\"elementor-element elementor-element-d421eb0 elementor-widget elementor-widget-heading\" data-id=\"d421eb0\" data-element_type=\"widget\" data-settings=\"{&quot;_animation&quot;:&quot;none&quot;}\" data-widget_type=\"heading.default\">\n\t\t\t\t<div class=\"elementor-widget-container\">\n\t\t\t\t\t<h2 class=\"elementor-heading-title elementor-size-default\">Cristina Fuentes Lara<\/h2>\t\t\t\t<\/div>\n\t\t\t\t<\/div>\n\t\t\t\t<div class=\"elementor-element elementor-element-794ee5e elementor-widget__width-initial elementor-widget elementor-widget-text-editor\" data-id=\"794ee5e\" data-element_type=\"widget\" data-widget_type=\"text-editor.default\">\n\t\t\t\t<div class=\"elementor-widget-container\">\n\t\t\t\t\t\t\t\t\t<p style=\"text-align: left;\"><b>HISTORIAL RESUMIDO<\/b><\/p><p><span data-contrast=\"auto\">La Dra. Cristina Fuentes Lara, forma parte del Grupo de Estudios Avanzados de Comunicaci\u00f3n (GEAC) y es Profesora Contratado Doctor, acreditada a Profesora Titular de Universidad, del Departamento de Comunicaci\u00f3n Audiovisual y Publicidad de la Universidad Rey Juan Carlos (URJC). Cristina es miembro destacado en el \u00e1mbito de la comunicaci\u00f3n estrat\u00e9gica y los estudios de g\u00e9nero. Su labor investigadora y docente ha sido ampliamente reconocida tanto a nivel nacional como internacional, consolid\u00e1ndola como una referente en el an\u00e1lisis de narrativas migratorias, comunicaci\u00f3n corporativa y prevenci\u00f3n del c\u00e1ncer de piel mediante estrategias comunicativas. <\/span><span data-ccp-props=\"{&quot;201341983&quot;:0,&quot;335551550&quot;:6,&quot;335551620&quot;:6,&quot;335559740&quot;:360}\">\u00a0<\/span><\/p><p><span data-contrast=\"auto\">A pesar de haber obtenido su doctorado hace menos de una d\u00e9cada, MCFL ha demostrado ser una investigadora altamente productiva, con 43 art\u00edculos en revistas indexadas, de los cuales lidera o figura como autora principal en el 46% de los casos.\u00a0Sus publicaciones refleja\u00a0el impacto significativo de su trabajo en el campo. Su H-index\u00a0es de\u00a013\u00a0y su i10-index de\u00a016, indicadores que avalan la calidad y la influencia de sus investigaciones en comunicaci\u00f3n\u00a0estrat\u00e9gica.<\/span><span data-ccp-props=\"{&quot;201341983&quot;:0,&quot;335551550&quot;:6,&quot;335551620&quot;:6,&quot;335559740&quot;:360}\">\u00a0<\/span><\/p><p><span data-contrast=\"auto\">Destacan art\u00edculos publicados en revistas como Public Relations Inquiry, Journal of Public Health y Corporate Communications: An International Journal, muchas de ellas en el cuartil Q1 de Scopus y Web of Science, ejemplo de ello su trabajo sobre el manejo de comunicaci\u00f3n durante la pandemia de COVID-19, ampliamente citado y con repercusi\u00f3n internacional. Dra. Fuentes es experta en metodolog\u00eda cualitativa y cuantitativa, as\u00ed como en la aplicaci\u00f3n de las nuevas metodolog\u00edas de an\u00e1lisis de redes sociales. <\/span><span data-ccp-props=\"{&quot;201341983&quot;:0,&quot;335551550&quot;:6,&quot;335551620&quot;:6,&quot;335559740&quot;:360}\">\u00a0<\/span><\/p><p><span data-contrast=\"auto\">Cristina Fuentes\u00a0es una de las investigadoras m\u00e1s relevantes en la introducci\u00f3n del enfoque de g\u00e9nero en la comunicaci\u00f3n estrat\u00e9gica. Entre sus contribuciones m\u00e1s destacadas est\u00e1n estudios sobre liderazgo femenino en la gesti\u00f3n de comunicaci\u00f3n en Espa\u00f1a, publicados en revistas y proyectos como el\u00a0Women\u00a0in PR\u00a0con EUPRERA\u00a0y el\u00a0Gendercom, este \u00faltimo realizado en colaboraci\u00f3n con la Asociaci\u00f3n de Directivos de Comunicaci\u00f3n y el Ministerio de\u00a0Trabajo, Migraciones y Seguridad Social.\u00a0Adem\u00e1s,\u00a0de forma parte desde su fundaci\u00f3n de la red internacional de\u00a0Women\u00a0in PR de EUPRERA liderada por Martina\u00a0Topic.\u00a0En 2018, recibi\u00f3\u00a0el Reconocimiento de lucha contra las violencias de g\u00e9nero \u201cmenina\u201d por parte del Ministerio de la Presidencia del Gobierno de Espa\u00f1a.<\/span><span data-ccp-props=\"{&quot;201341983&quot;:0,&quot;335551550&quot;:6,&quot;335551620&quot;:6,&quot;335559740&quot;:360}\">\u00a0<\/span><\/p><div style=\"-webkit-user-drag: none; -webkit-tap-highlight-color: transparent; margin: 0px; padding: 0px; user-select: text; clear: both; cursor: text; overflow: visible; position: relative; direction: ltr; color: #000000; font-family: 'Segoe UI', 'Segoe UI Web', Arial, Verdana, sans-serif; font-size: 12px;\">\u00a0<\/div>\t\t\t\t\t\t\t\t<\/div>\n\t\t\t\t<\/div>\n\t\t\t\t\t<\/div>\n\t\t<\/div>\n\t\t\t\t\t<\/div>\n\t\t<\/section>\n\t\t\t\t<\/div>\n\t\t","protected":false},"excerpt":{"rendered":"<p>Cristina Fuentes Lara HISTORIAL RESUMIDO La Dra. Cristina Fuentes Lara, forma parte del Grupo de Estudios Avanzados de Comunicaci\u00f3n (GEAC) y es Profesora Contratado Doctor, acreditada a Profesora Titular de Universidad, del Departamento de Comunicaci\u00f3n Audiovisual y Publicidad de la Universidad Rey Juan Carlos (URJC). Cristina es miembro destacado en el \u00e1mbito de la comunicaci\u00f3n [&hellip;]<\/p>\n","protected":false},"author":1,"featured_media":0,"parent":0,"menu_order":0,"comment_status":"closed","ping_status":"closed","template":"","meta":{"site-sidebar-layout":"no-sidebar","site-content-layout":"page-builder","ast-site-content-layout":"full-width-container","site-content-style":"default","site-sidebar-style":"default","ast-global-header-display":"","ast-banner-title-visibility":"","ast-main-header-display":"","ast-hfb-above-header-display":"","ast-hfb-below-header-display":"","ast-hfb-mobile-header-display":"","site-post-title":"","ast-breadcrumbs-content":"","ast-featured-img":"disabled","footer-sml-layout":"","theme-transparent-header-meta":"","adv-header-id-meta":"","stick-header-meta":"","header-above-stick-meta":"","header-main-stick-meta":"","header-below-stick-meta":"","astra-migrate-meta-layouts":"default","ast-page-background-enabled":"default","ast-page-background-meta":{"desktop":{"background-color":"var(--ast-global-color-4)","background-image":"","background-repeat":"repeat","background-position":"center center","background-size":"auto","background-attachment":"scroll","background-type":"","background-media":"","overlay-type":"","overlay-color":"","overlay-opacity":"","overlay-gradient":""},"tablet":{"background-color":"","background-image":"","background-repeat":"repeat","background-position":"center center","background-size":"auto","background-attachment":"scroll","background-type":"","background-media":"","overlay-type":"","overlay-color":"","overlay-opacity":"","overlay-gradient":""},"mobile":{"background-color":"","background-image":"","background-repeat":"repeat","background-position":"center center","background-size":"auto","background-attachment":"scroll","background-type":"","background-media":"","overlay-type":"","overlay-color":"","overlay-opacity":"","overlay-gradient":""}},"ast-content-background-meta":{"desktop":{"background-color":"var(--ast-global-color-5)","background-image":"","background-repeat":"repeat","background-position":"center center","background-size":"auto","background-attachment":"scroll","background-type":"","background-media":"","overlay-type":"","overlay-color":"","overlay-opacity":"","overlay-gradient":""},"tablet":{"background-color":"var(--ast-global-color-5)","background-image":"","background-repeat":"repeat","background-position":"center center","background-size":"auto","background-attachment":"scroll","background-type":"","background-media":"","overlay-type":"","overlay-color":"","overlay-opacity":"","overlay-gradient":""},"mobile":{"background-color":"var(--ast-global-color-5)","background-image":"","background-repeat":"repeat","background-position":"center center","background-size":"auto","background-attachment":"scroll","background-type":"","background-media":"","overlay-type":"","overlay-color":"","overlay-opacity":"","overlay-gradient":""}},"footnotes":""},"class_list":["post-3529","page","type-page","status-publish","hentry"],"yoast_head":"<!-- This site is optimized with the Yoast SEO plugin v27.3 - https:\/\/yoast.com\/product\/yoast-seo-wordpress\/ -->\n<title>Cristina Fuentes &#8226;<\/title>\n<meta name=\"robots\" content=\"index, follow, max-snippet:-1, max-image-preview:large, max-video-preview:-1\" \/>\n<link rel=\"canonical\" href=\"https:\/\/strategichealthcommunication.com\/index.php\/cristina-fuentes\/\" \/>\n<meta property=\"og:locale\" content=\"en_US\" \/>\n<meta property=\"og:type\" content=\"article\" \/>\n<meta property=\"og:title\" content=\"Cristina Fuentes &#8226;\" \/>\n<meta property=\"og:description\" content=\"Cristina Fuentes Lara HISTORIAL RESUMIDO La Dra. Cristina Fuentes Lara, forma parte del Grupo de Estudios Avanzados de Comunicaci\u00f3n (GEAC) y es Profesora Contratado Doctor, acreditada a Profesora Titular de Universidad, del Departamento de Comunicaci\u00f3n Audiovisual y Publicidad de la Universidad Rey Juan Carlos (URJC). Cristina es miembro destacado en el \u00e1mbito de la comunicaci\u00f3n [&hellip;]\" \/>\n<meta property=\"og:url\" content=\"https:\/\/strategichealthcommunication.com\/index.php\/cristina-fuentes\/\" \/>\n<meta property=\"article:publisher\" content=\"https:\/\/www.facebook.com\/Comunicancer-112518534571202\" \/>\n<meta property=\"article:modified_time\" content=\"2026-01-29T15:15:56+00:00\" \/>\n<meta name=\"twitter:card\" content=\"summary_large_image\" \/>\n<meta name=\"twitter:site\" content=\"@comunicancer\" \/>\n<meta name=\"twitter:label1\" content=\"Est. reading time\" \/>\n\t<meta name=\"twitter:data1\" content=\"2 minutes\" \/>\n<script type=\"application\/ld+json\" class=\"yoast-schema-graph\">{\"@context\":\"https:\\\/\\\/schema.org\",\"@graph\":[{\"@type\":\"WebPage\",\"@id\":\"https:\\\/\\\/strategichealthcommunication.com\\\/index.php\\\/cristina-fuentes\\\/\",\"url\":\"https:\\\/\\\/strategichealthcommunication.com\\\/index.php\\\/cristina-fuentes\\\/\",\"name\":\"Cristina Fuentes &#8226;\",\"isPartOf\":{\"@id\":\"https:\\\/\\\/strategichealthcommunication.com\\\/#website\"},\"datePublished\":\"2026-01-29T15:10:10+00:00\",\"dateModified\":\"2026-01-29T15:15:56+00:00\",\"breadcrumb\":{\"@id\":\"https:\\\/\\\/strategichealthcommunication.com\\\/index.php\\\/cristina-fuentes\\\/#breadcrumb\"},\"inLanguage\":\"en-US\",\"potentialAction\":[{\"@type\":\"ReadAction\",\"target\":[\"https:\\\/\\\/strategichealthcommunication.com\\\/index.php\\\/cristina-fuentes\\\/\"]}]},{\"@type\":\"BreadcrumbList\",\"@id\":\"https:\\\/\\\/strategichealthcommunication.com\\\/index.php\\\/cristina-fuentes\\\/#breadcrumb\",\"itemListElement\":[{\"@type\":\"ListItem\",\"position\":1,\"name\":\"Home\",\"item\":\"https:\\\/\\\/strategichealthcommunication.com\\\/\"},{\"@type\":\"ListItem\",\"position\":2,\"name\":\"Cristina Fuentes\"}]},{\"@type\":\"WebSite\",\"@id\":\"https:\\\/\\\/strategichealthcommunication.com\\\/#website\",\"url\":\"https:\\\/\\\/strategichealthcommunication.com\\\/\",\"name\":\"\",\"description\":\"\",\"publisher\":{\"@id\":\"https:\\\/\\\/strategichealthcommunication.com\\\/#organization\"},\"potentialAction\":[{\"@type\":\"SearchAction\",\"target\":{\"@type\":\"EntryPoint\",\"urlTemplate\":\"https:\\\/\\\/strategichealthcommunication.com\\\/?s={search_term_string}\"},\"query-input\":{\"@type\":\"PropertyValueSpecification\",\"valueRequired\":true,\"valueName\":\"search_term_string\"}}],\"inLanguage\":\"en-US\"},{\"@type\":\"Organization\",\"@id\":\"https:\\\/\\\/strategichealthcommunication.com\\\/#organization\",\"name\":\"Comunicancerpiel\",\"url\":\"https:\\\/\\\/strategichealthcommunication.com\\\/\",\"logo\":{\"@type\":\"ImageObject\",\"inLanguage\":\"en-US\",\"@id\":\"https:\\\/\\\/strategichealthcommunication.com\\\/#\\\/schema\\\/logo\\\/image\\\/\",\"url\":\"https:\\\/\\\/strategichealthcommunication.com\\\/wp-content\\\/uploads\\\/2021\\\/11\\\/4-1.png\",\"contentUrl\":\"https:\\\/\\\/strategichealthcommunication.com\\\/wp-content\\\/uploads\\\/2021\\\/11\\\/4-1.png\",\"width\":500,\"height\":500,\"caption\":\"Comunicancerpiel\"},\"image\":{\"@id\":\"https:\\\/\\\/strategichealthcommunication.com\\\/#\\\/schema\\\/logo\\\/image\\\/\"},\"sameAs\":[\"https:\\\/\\\/www.facebook.com\\\/Comunicancer-112518534571202\",\"https:\\\/\\\/x.com\\\/comunicancer\",\"https:\\\/\\\/www.linkedin.com\\\/company\\\/80645838\"]}]}<\/script>\n<!-- \/ Yoast SEO plugin. -->","yoast_head_json":{"title":"Cristina Fuentes &#8226;","robots":{"index":"index","follow":"follow","max-snippet":"max-snippet:-1","max-image-preview":"max-image-preview:large","max-video-preview":"max-video-preview:-1"},"canonical":"https:\/\/strategichealthcommunication.com\/index.php\/cristina-fuentes\/","og_locale":"en_US","og_type":"article","og_title":"Cristina Fuentes &#8226;","og_description":"Cristina Fuentes Lara HISTORIAL RESUMIDO La Dra. Cristina Fuentes Lara, forma parte del Grupo de Estudios Avanzados de Comunicaci\u00f3n (GEAC) y es Profesora Contratado Doctor, acreditada a Profesora Titular de Universidad, del Departamento de Comunicaci\u00f3n Audiovisual y Publicidad de la Universidad Rey Juan Carlos (URJC). Cristina es miembro destacado en el \u00e1mbito de la comunicaci\u00f3n [&hellip;]","og_url":"https:\/\/strategichealthcommunication.com\/index.php\/cristina-fuentes\/","article_publisher":"https:\/\/www.facebook.com\/Comunicancer-112518534571202","article_modified_time":"2026-01-29T15:15:56+00:00","twitter_card":"summary_large_image","twitter_site":"@comunicancer","twitter_misc":{"Est. reading time":"2 minutes"},"schema":{"@context":"https:\/\/schema.org","@graph":[{"@type":"WebPage","@id":"https:\/\/strategichealthcommunication.com\/index.php\/cristina-fuentes\/","url":"https:\/\/strategichealthcommunication.com\/index.php\/cristina-fuentes\/","name":"Cristina Fuentes &#8226;","isPartOf":{"@id":"https:\/\/strategichealthcommunication.com\/#website"},"datePublished":"2026-01-29T15:10:10+00:00","dateModified":"2026-01-29T15:15:56+00:00","breadcrumb":{"@id":"https:\/\/strategichealthcommunication.com\/index.php\/cristina-fuentes\/#breadcrumb"},"inLanguage":"en-US","potentialAction":[{"@type":"ReadAction","target":["https:\/\/strategichealthcommunication.com\/index.php\/cristina-fuentes\/"]}]},{"@type":"BreadcrumbList","@id":"https:\/\/strategichealthcommunication.com\/index.php\/cristina-fuentes\/#breadcrumb","itemListElement":[{"@type":"ListItem","position":1,"name":"Home","item":"https:\/\/strategichealthcommunication.com\/"},{"@type":"ListItem","position":2,"name":"Cristina Fuentes"}]},{"@type":"WebSite","@id":"https:\/\/strategichealthcommunication.com\/#website","url":"https:\/\/strategichealthcommunication.com\/","name":"","description":"","publisher":{"@id":"https:\/\/strategichealthcommunication.com\/#organization"},"potentialAction":[{"@type":"SearchAction","target":{"@type":"EntryPoint","urlTemplate":"https:\/\/strategichealthcommunication.com\/?s={search_term_string}"},"query-input":{"@type":"PropertyValueSpecification","valueRequired":true,"valueName":"search_term_string"}}],"inLanguage":"en-US"},{"@type":"Organization","@id":"https:\/\/strategichealthcommunication.com\/#organization","name":"Comunicancerpiel","url":"https:\/\/strategichealthcommunication.com\/","logo":{"@type":"ImageObject","inLanguage":"en-US","@id":"https:\/\/strategichealthcommunication.com\/#\/schema\/logo\/image\/","url":"https:\/\/strategichealthcommunication.com\/wp-content\/uploads\/2021\/11\/4-1.png","contentUrl":"https:\/\/strategichealthcommunication.com\/wp-content\/uploads\/2021\/11\/4-1.png","width":500,"height":500,"caption":"Comunicancerpiel"},"image":{"@id":"https:\/\/strategichealthcommunication.com\/#\/schema\/logo\/image\/"},"sameAs":["https:\/\/www.facebook.com\/Comunicancer-112518534571202","https:\/\/x.com\/comunicancer","https:\/\/www.linkedin.com\/company\/80645838"]}]}},"_links":{"self":[{"href":"https:\/\/strategichealthcommunication.com\/index.php\/wp-json\/wp\/v2\/pages\/3529","targetHints":{"allow":["GET"]}}],"collection":[{"href":"https:\/\/strategichealthcommunication.com\/index.php\/wp-json\/wp\/v2\/pages"}],"about":[{"href":"https:\/\/strategichealthcommunication.com\/index.php\/wp-json\/wp\/v2\/types\/page"}],"author":[{"embeddable":true,"href":"https:\/\/strategichealthcommunication.com\/index.php\/wp-json\/wp\/v2\/users\/1"}],"replies":[{"embeddable":true,"href":"https:\/\/strategichealthcommunication.com\/index.php\/wp-json\/wp\/v2\/comments?post=3529"}],"version-history":[{"count":4,"href":"https:\/\/strategichealthcommunication.com\/index.php\/wp-json\/wp\/v2\/pages\/3529\/revisions"}],"predecessor-version":[{"id":3533,"href":"https:\/\/strategichealthcommunication.com\/index.php\/wp-json\/wp\/v2\/pages\/3529\/revisions\/3533"}],"wp:attachment":[{"href":"https:\/\/strategichealthcommunication.com\/index.php\/wp-json\/wp\/v2\/media?parent=3529"}],"curies":[{"name":"wp","href":"https:\/\/api.w.org\/{rel}","templated":true}]}}