{"id":3537,"date":"2026-01-29T15:17:59","date_gmt":"2026-01-29T15:17:59","guid":{"rendered":"https:\/\/strategichealthcommunication.com\/?page_id=3537"},"modified":"2026-01-29T15:19:10","modified_gmt":"2026-01-29T15:19:10","slug":"ileana-zeler","status":"publish","type":"page","link":"https:\/\/strategichealthcommunication.com\/index.php\/ileana-zeler\/","title":{"rendered":"Ileana Zeler"},"content":{"rendered":"\t\t<div data-elementor-type=\"wp-page\" data-elementor-id=\"3537\" class=\"elementor elementor-3537\">\n\t\t\t\t\t\t<section class=\"elementor-section elementor-top-section elementor-element elementor-element-919b591 elementor-section-boxed elementor-section-height-default elementor-section-height-default\" data-id=\"919b591\" data-element_type=\"section\">\n\t\t\t\t\t\t<div class=\"elementor-container elementor-column-gap-default\">\n\t\t\t\t\t<div class=\"elementor-column elementor-col-100 elementor-top-column elementor-element elementor-element-c39ca25\" data-id=\"c39ca25\" data-element_type=\"column\">\n\t\t\t<div class=\"elementor-widget-wrap elementor-element-populated\">\n\t\t\t\t\t\t<div class=\"elementor-element elementor-element-2cabb0f elementor-widget elementor-widget-heading\" data-id=\"2cabb0f\" data-element_type=\"widget\" data-settings=\"{&quot;_animation&quot;:&quot;none&quot;}\" data-widget_type=\"heading.default\">\n\t\t\t\t<div class=\"elementor-widget-container\">\n\t\t\t\t\t<h2 class=\"elementor-heading-title elementor-size-default\">Ileana Zeler<\/h2>\t\t\t\t<\/div>\n\t\t\t\t<\/div>\n\t\t\t\t<div class=\"elementor-element elementor-element-5a7d4d6 elementor-widget elementor-widget-text-editor\" data-id=\"5a7d4d6\" data-element_type=\"widget\" data-widget_type=\"text-editor.default\">\n\t\t\t\t<div class=\"elementor-widget-container\">\n\t\t\t\t\t\t\t\t\t<p><b>HISTORIAL RESUMIDO<\/b><\/p>\n<p><span class=\"TextRun SCXW226322624 BCX0\" lang=\"ES-ES\" xml:lang=\"ES-ES\" data-contrast=\"none\"><span class=\"NormalTextRun SCXW226322624 BCX0\">La Dra. Ileana&nbsp;<\/span><span class=\"NormalTextRun SpellingErrorV2Themed SCXW226322624 BCX0\">Zeler<\/span><span class=\"NormalTextRun SCXW226322624 BCX0\">&nbsp;es p<\/span><span class=\"NormalTextRun SCXW226322624 BCX0\">rofesora&nbsp;<\/span><span class=\"NormalTextRun SCXW226322624 BCX0\">t<\/span><span class=\"NormalTextRun SCXW226322624 BCX0\">itular del Departamento de Publicidad, Relaciones P\u00fablicas y Comunicaci\u00f3n Audiovisual de la&nbsp;<\/span><span class=\"NormalTextRun SpellingErrorV2Themed SCXW226322624 BCX0\">Universitat<\/span><span class=\"NormalTextRun SCXW226322624 BCX0\">&nbsp;<\/span><span class=\"NormalTextRun SpellingErrorV2Themed SCXW226322624 BCX0\">Aut\u00f2noma<\/span><span class=\"NormalTextRun SCXW226322624 BCX0\">&nbsp;de Barcelona. Cuenta con amplia experiencia investigadora en la<\/span><span class=\"NormalTextRun SCXW226322624 BCX0\">&nbsp;comunicaci\u00f3n estrat\u00e9gica y digital,&nbsp;<\/span><span class=\"NormalTextRun SCXW226322624 BCX0\">especial \u00e9nfasis<\/span><span class=\"NormalTextRun SCXW226322624 BCX0\">&nbsp;en gesti\u00f3n de redes sociales. H<\/span><span class=\"NormalTextRun SCXW226322624 BCX0\">a<\/span><span class=\"NormalTextRun SCXW226322624 BCX0\">&nbsp;participado en proyectos de investigaci\u00f3n como&nbsp;<\/span><span class=\"NormalTextRun SCXW226322624 BCX0\">\u201c<\/span><span class=\"NormalTextRun SpellingErrorV2Themed SCXW226322624 BCX0\">Comunicancer<\/span><span class=\"NormalTextRun SCXW226322624 BCX0\">\u201d<\/span><span class=\"NormalTextRun SCXW226322624 BCX0\">, donde desarroll<\/span><span class=\"NormalTextRun SCXW226322624 BCX0\">\u00f3<\/span><span class=\"NormalTextRun SCXW226322624 BCX0\">&nbsp;investigaciones sobre comunicaci\u00f3n<\/span><span class=\"NormalTextRun SCXW226322624 BCX0\">&nbsp;estrat\u00e9gica<\/span><span class=\"NormalTextRun SCXW226322624 BCX0\">&nbsp;y&nbsp;<\/span><span class=\"NormalTextRun SpellingErrorV2Themed SCXW226322624 BCX0\">fotoprotecci\u00f3n<\/span><span class=\"NormalTextRun SCXW226322624 BCX0\">, transfiriendo resultados a instituciones de salud y organizaciones sociales.&nbsp;<\/span><span class=\"NormalTextRun SCXW226322624 BCX0\">Su<\/span><span class=\"NormalTextRun SCXW226322624 BCX0\">&nbsp;experiencia previa incluye el an\u00e1lisis estrat\u00e9gico de redes sociales y el dise\u00f1o de metodolog\u00edas innovadoras para su gesti\u00f3n, aplicadas a diversos sectores, incluida la salud.&nbsp;<\/span><span class=\"NormalTextRun SCXW226322624 BCX0\">Su<\/span><span class=\"NormalTextRun SCXW226322624 BCX0\">&nbsp;trayectoria internacional y&nbsp;<\/span><span class=\"NormalTextRun AdvancedProofingIssueV2Themed SCXW226322624 BCX0\">participaci\u00f3n activa<\/span><span class=\"NormalTextRun SCXW226322624 BCX0\">&nbsp;en asociaciones cient\u00edficas refuerzan&nbsp;<\/span><span class=\"NormalTextRun SCXW226322624 BCX0\">su<\/span><span class=\"NormalTextRun SCXW226322624 BCX0\">&nbsp;capacidad para aportar conocimiento estrat\u00e9gico, an\u00e1lisis riguroso y transferencia de resultados a este proyecto, enfoc\u00e1ndome en la prevenci\u00f3n primaria del c\u00e1ncer de piel a trav\u00e9s de la comunicaci\u00f3n en redes sociales.<\/span><\/span><\/p>\t\t\t\t\t\t\t\t<\/div>\n\t\t\t\t<\/div>\n\t\t\t\t\t<\/div>\n\t\t<\/div>\n\t\t\t\t\t<\/div>\n\t\t<\/section>\n\t\t\t\t<\/div>\n\t\t","protected":false},"excerpt":{"rendered":"<p>Ileana Zeler HISTORIAL RESUMIDO La Dra. Ileana&nbsp;Zeler&nbsp;es profesora&nbsp;titular del Departamento de Publicidad, Relaciones P\u00fablicas y Comunicaci\u00f3n Audiovisual de la&nbsp;Universitat&nbsp;Aut\u00f2noma&nbsp;de Barcelona. Cuenta con amplia experiencia investigadora en la&nbsp;comunicaci\u00f3n estrat\u00e9gica y digital,&nbsp;especial \u00e9nfasis&nbsp;en gesti\u00f3n de redes sociales. Ha&nbsp;participado en proyectos de investigaci\u00f3n como&nbsp;\u201cComunicancer\u201d, donde desarroll\u00f3&nbsp;investigaciones sobre comunicaci\u00f3n&nbsp;estrat\u00e9gica&nbsp;y&nbsp;fotoprotecci\u00f3n, transfiriendo resultados a instituciones de salud y organizaciones sociales.&nbsp;Su&nbsp;experiencia previa [&hellip;]<\/p>\n","protected":false},"author":1,"featured_media":0,"parent":0,"menu_order":0,"comment_status":"closed","ping_status":"closed","template":"","meta":{"site-sidebar-layout":"no-sidebar","site-content-layout":"page-builder","ast-site-content-layout":"full-width-container","site-content-style":"default","site-sidebar-style":"default","ast-global-header-display":"","ast-banner-title-visibility":"","ast-main-header-display":"","ast-hfb-above-header-display":"","ast-hfb-below-header-display":"","ast-hfb-mobile-header-display":"","site-post-title":"","ast-breadcrumbs-content":"","ast-featured-img":"disabled","footer-sml-layout":"","theme-transparent-header-meta":"","adv-header-id-meta":"","stick-header-meta":"","header-above-stick-meta":"","header-main-stick-meta":"","header-below-stick-meta":"","astra-migrate-meta-layouts":"default","ast-page-background-enabled":"default","ast-page-background-meta":{"desktop":{"background-color":"var(--ast-global-color-4)","background-image":"","background-repeat":"repeat","background-position":"center center","background-size":"auto","background-attachment":"scroll","background-type":"","background-media":"","overlay-type":"","overlay-color":"","overlay-opacity":"","overlay-gradient":""},"tablet":{"background-color":"","background-image":"","background-repeat":"repeat","background-position":"center center","background-size":"auto","background-attachment":"scroll","background-type":"","background-media":"","overlay-type":"","overlay-color":"","overlay-opacity":"","overlay-gradient":""},"mobile":{"background-color":"","background-image":"","background-repeat":"repeat","background-position":"center center","background-size":"auto","background-attachment":"scroll","background-type":"","background-media":"","overlay-type":"","overlay-color":"","overlay-opacity":"","overlay-gradient":""}},"ast-content-background-meta":{"desktop":{"background-color":"var(--ast-global-color-5)","background-image":"","background-repeat":"repeat","background-position":"center center","background-size":"auto","background-attachment":"scroll","background-type":"","background-media":"","overlay-type":"","overlay-color":"","overlay-opacity":"","overlay-gradient":""},"tablet":{"background-color":"var(--ast-global-color-5)","background-image":"","background-repeat":"repeat","background-position":"center center","background-size":"auto","background-attachment":"scroll","background-type":"","background-media":"","overlay-type":"","overlay-color":"","overlay-opacity":"","overlay-gradient":""},"mobile":{"background-color":"var(--ast-global-color-5)","background-image":"","background-repeat":"repeat","background-position":"center center","background-size":"auto","background-attachment":"scroll","background-type":"","background-media":"","overlay-type":"","overlay-color":"","overlay-opacity":"","overlay-gradient":""}},"footnotes":""},"class_list":["post-3537","page","type-page","status-publish","hentry"],"yoast_head":"<!-- This site is optimized with the Yoast SEO plugin v27.3 - https:\/\/yoast.com\/product\/yoast-seo-wordpress\/ -->\n<title>Ileana Zeler &#8226;<\/title>\n<meta name=\"robots\" content=\"index, follow, max-snippet:-1, max-image-preview:large, max-video-preview:-1\" \/>\n<link rel=\"canonical\" href=\"https:\/\/strategichealthcommunication.com\/index.php\/ileana-zeler\/\" \/>\n<meta property=\"og:locale\" content=\"en_US\" \/>\n<meta property=\"og:type\" content=\"article\" \/>\n<meta property=\"og:title\" content=\"Ileana Zeler &#8226;\" \/>\n<meta property=\"og:description\" content=\"Ileana Zeler HISTORIAL RESUMIDO La Dra. Ileana&nbsp;Zeler&nbsp;es profesora&nbsp;titular del Departamento de Publicidad, Relaciones P\u00fablicas y Comunicaci\u00f3n Audiovisual de la&nbsp;Universitat&nbsp;Aut\u00f2noma&nbsp;de Barcelona. Cuenta con amplia experiencia investigadora en la&nbsp;comunicaci\u00f3n estrat\u00e9gica y digital,&nbsp;especial \u00e9nfasis&nbsp;en gesti\u00f3n de redes sociales. Ha&nbsp;participado en proyectos de investigaci\u00f3n como&nbsp;\u201cComunicancer\u201d, donde desarroll\u00f3&nbsp;investigaciones sobre comunicaci\u00f3n&nbsp;estrat\u00e9gica&nbsp;y&nbsp;fotoprotecci\u00f3n, transfiriendo resultados a instituciones de salud y organizaciones sociales.&nbsp;Su&nbsp;experiencia previa [&hellip;]\" \/>\n<meta property=\"og:url\" content=\"https:\/\/strategichealthcommunication.com\/index.php\/ileana-zeler\/\" \/>\n<meta property=\"article:publisher\" content=\"https:\/\/www.facebook.com\/Comunicancer-112518534571202\" \/>\n<meta property=\"article:modified_time\" content=\"2026-01-29T15:19:10+00:00\" \/>\n<meta name=\"twitter:card\" content=\"summary_large_image\" \/>\n<meta name=\"twitter:site\" content=\"@comunicancer\" \/>\n<meta name=\"twitter:label1\" content=\"Est. reading time\" \/>\n\t<meta name=\"twitter:data1\" content=\"1 minute\" \/>\n<script type=\"application\/ld+json\" class=\"yoast-schema-graph\">{\"@context\":\"https:\\\/\\\/schema.org\",\"@graph\":[{\"@type\":\"WebPage\",\"@id\":\"https:\\\/\\\/strategichealthcommunication.com\\\/index.php\\\/ileana-zeler\\\/\",\"url\":\"https:\\\/\\\/strategichealthcommunication.com\\\/index.php\\\/ileana-zeler\\\/\",\"name\":\"Ileana Zeler &#8226;\",\"isPartOf\":{\"@id\":\"https:\\\/\\\/strategichealthcommunication.com\\\/#website\"},\"datePublished\":\"2026-01-29T15:17:59+00:00\",\"dateModified\":\"2026-01-29T15:19:10+00:00\",\"breadcrumb\":{\"@id\":\"https:\\\/\\\/strategichealthcommunication.com\\\/index.php\\\/ileana-zeler\\\/#breadcrumb\"},\"inLanguage\":\"en-US\",\"potentialAction\":[{\"@type\":\"ReadAction\",\"target\":[\"https:\\\/\\\/strategichealthcommunication.com\\\/index.php\\\/ileana-zeler\\\/\"]}]},{\"@type\":\"BreadcrumbList\",\"@id\":\"https:\\\/\\\/strategichealthcommunication.com\\\/index.php\\\/ileana-zeler\\\/#breadcrumb\",\"itemListElement\":[{\"@type\":\"ListItem\",\"position\":1,\"name\":\"Home\",\"item\":\"https:\\\/\\\/strategichealthcommunication.com\\\/\"},{\"@type\":\"ListItem\",\"position\":2,\"name\":\"Ileana Zeler\"}]},{\"@type\":\"WebSite\",\"@id\":\"https:\\\/\\\/strategichealthcommunication.com\\\/#website\",\"url\":\"https:\\\/\\\/strategichealthcommunication.com\\\/\",\"name\":\"\",\"description\":\"\",\"publisher\":{\"@id\":\"https:\\\/\\\/strategichealthcommunication.com\\\/#organization\"},\"potentialAction\":[{\"@type\":\"SearchAction\",\"target\":{\"@type\":\"EntryPoint\",\"urlTemplate\":\"https:\\\/\\\/strategichealthcommunication.com\\\/?s={search_term_string}\"},\"query-input\":{\"@type\":\"PropertyValueSpecification\",\"valueRequired\":true,\"valueName\":\"search_term_string\"}}],\"inLanguage\":\"en-US\"},{\"@type\":\"Organization\",\"@id\":\"https:\\\/\\\/strategichealthcommunication.com\\\/#organization\",\"name\":\"Comunicancerpiel\",\"url\":\"https:\\\/\\\/strategichealthcommunication.com\\\/\",\"logo\":{\"@type\":\"ImageObject\",\"inLanguage\":\"en-US\",\"@id\":\"https:\\\/\\\/strategichealthcommunication.com\\\/#\\\/schema\\\/logo\\\/image\\\/\",\"url\":\"https:\\\/\\\/strategichealthcommunication.com\\\/wp-content\\\/uploads\\\/2021\\\/11\\\/4-1.png\",\"contentUrl\":\"https:\\\/\\\/strategichealthcommunication.com\\\/wp-content\\\/uploads\\\/2021\\\/11\\\/4-1.png\",\"width\":500,\"height\":500,\"caption\":\"Comunicancerpiel\"},\"image\":{\"@id\":\"https:\\\/\\\/strategichealthcommunication.com\\\/#\\\/schema\\\/logo\\\/image\\\/\"},\"sameAs\":[\"https:\\\/\\\/www.facebook.com\\\/Comunicancer-112518534571202\",\"https:\\\/\\\/x.com\\\/comunicancer\",\"https:\\\/\\\/www.linkedin.com\\\/company\\\/80645838\"]}]}<\/script>\n<!-- \/ Yoast SEO plugin. -->","yoast_head_json":{"title":"Ileana Zeler &#8226;","robots":{"index":"index","follow":"follow","max-snippet":"max-snippet:-1","max-image-preview":"max-image-preview:large","max-video-preview":"max-video-preview:-1"},"canonical":"https:\/\/strategichealthcommunication.com\/index.php\/ileana-zeler\/","og_locale":"en_US","og_type":"article","og_title":"Ileana Zeler &#8226;","og_description":"Ileana Zeler HISTORIAL RESUMIDO La Dra. Ileana&nbsp;Zeler&nbsp;es profesora&nbsp;titular del Departamento de Publicidad, Relaciones P\u00fablicas y Comunicaci\u00f3n Audiovisual de la&nbsp;Universitat&nbsp;Aut\u00f2noma&nbsp;de Barcelona. Cuenta con amplia experiencia investigadora en la&nbsp;comunicaci\u00f3n estrat\u00e9gica y digital,&nbsp;especial \u00e9nfasis&nbsp;en gesti\u00f3n de redes sociales. Ha&nbsp;participado en proyectos de investigaci\u00f3n como&nbsp;\u201cComunicancer\u201d, donde desarroll\u00f3&nbsp;investigaciones sobre comunicaci\u00f3n&nbsp;estrat\u00e9gica&nbsp;y&nbsp;fotoprotecci\u00f3n, transfiriendo resultados a instituciones de salud y organizaciones sociales.&nbsp;Su&nbsp;experiencia previa [&hellip;]","og_url":"https:\/\/strategichealthcommunication.com\/index.php\/ileana-zeler\/","article_publisher":"https:\/\/www.facebook.com\/Comunicancer-112518534571202","article_modified_time":"2026-01-29T15:19:10+00:00","twitter_card":"summary_large_image","twitter_site":"@comunicancer","twitter_misc":{"Est. reading time":"1 minute"},"schema":{"@context":"https:\/\/schema.org","@graph":[{"@type":"WebPage","@id":"https:\/\/strategichealthcommunication.com\/index.php\/ileana-zeler\/","url":"https:\/\/strategichealthcommunication.com\/index.php\/ileana-zeler\/","name":"Ileana Zeler &#8226;","isPartOf":{"@id":"https:\/\/strategichealthcommunication.com\/#website"},"datePublished":"2026-01-29T15:17:59+00:00","dateModified":"2026-01-29T15:19:10+00:00","breadcrumb":{"@id":"https:\/\/strategichealthcommunication.com\/index.php\/ileana-zeler\/#breadcrumb"},"inLanguage":"en-US","potentialAction":[{"@type":"ReadAction","target":["https:\/\/strategichealthcommunication.com\/index.php\/ileana-zeler\/"]}]},{"@type":"BreadcrumbList","@id":"https:\/\/strategichealthcommunication.com\/index.php\/ileana-zeler\/#breadcrumb","itemListElement":[{"@type":"ListItem","position":1,"name":"Home","item":"https:\/\/strategichealthcommunication.com\/"},{"@type":"ListItem","position":2,"name":"Ileana Zeler"}]},{"@type":"WebSite","@id":"https:\/\/strategichealthcommunication.com\/#website","url":"https:\/\/strategichealthcommunication.com\/","name":"","description":"","publisher":{"@id":"https:\/\/strategichealthcommunication.com\/#organization"},"potentialAction":[{"@type":"SearchAction","target":{"@type":"EntryPoint","urlTemplate":"https:\/\/strategichealthcommunication.com\/?s={search_term_string}"},"query-input":{"@type":"PropertyValueSpecification","valueRequired":true,"valueName":"search_term_string"}}],"inLanguage":"en-US"},{"@type":"Organization","@id":"https:\/\/strategichealthcommunication.com\/#organization","name":"Comunicancerpiel","url":"https:\/\/strategichealthcommunication.com\/","logo":{"@type":"ImageObject","inLanguage":"en-US","@id":"https:\/\/strategichealthcommunication.com\/#\/schema\/logo\/image\/","url":"https:\/\/strategichealthcommunication.com\/wp-content\/uploads\/2021\/11\/4-1.png","contentUrl":"https:\/\/strategichealthcommunication.com\/wp-content\/uploads\/2021\/11\/4-1.png","width":500,"height":500,"caption":"Comunicancerpiel"},"image":{"@id":"https:\/\/strategichealthcommunication.com\/#\/schema\/logo\/image\/"},"sameAs":["https:\/\/www.facebook.com\/Comunicancer-112518534571202","https:\/\/x.com\/comunicancer","https:\/\/www.linkedin.com\/company\/80645838"]}]}},"_links":{"self":[{"href":"https:\/\/strategichealthcommunication.com\/index.php\/wp-json\/wp\/v2\/pages\/3537","targetHints":{"allow":["GET"]}}],"collection":[{"href":"https:\/\/strategichealthcommunication.com\/index.php\/wp-json\/wp\/v2\/pages"}],"about":[{"href":"https:\/\/strategichealthcommunication.com\/index.php\/wp-json\/wp\/v2\/types\/page"}],"author":[{"embeddable":true,"href":"https:\/\/strategichealthcommunication.com\/index.php\/wp-json\/wp\/v2\/users\/1"}],"replies":[{"embeddable":true,"href":"https:\/\/strategichealthcommunication.com\/index.php\/wp-json\/wp\/v2\/comments?post=3537"}],"version-history":[{"count":5,"href":"https:\/\/strategichealthcommunication.com\/index.php\/wp-json\/wp\/v2\/pages\/3537\/revisions"}],"predecessor-version":[{"id":3545,"href":"https:\/\/strategichealthcommunication.com\/index.php\/wp-json\/wp\/v2\/pages\/3537\/revisions\/3545"}],"wp:attachment":[{"href":"https:\/\/strategichealthcommunication.com\/index.php\/wp-json\/wp\/v2\/media?parent=3537"}],"curies":[{"name":"wp","href":"https:\/\/api.w.org\/{rel}","templated":true}]}}