{"id":3563,"date":"2026-01-29T15:31:27","date_gmt":"2026-01-29T15:31:27","guid":{"rendered":"https:\/\/strategichealthcommunication.com\/?page_id=3563"},"modified":"2026-01-29T15:33:36","modified_gmt":"2026-01-29T15:33:36","slug":"andras-subert","status":"publish","type":"page","link":"https:\/\/strategichealthcommunication.com\/index.php\/andras-subert\/","title":{"rendered":"Andras Subert"},"content":{"rendered":"\t\t<div data-elementor-type=\"wp-page\" data-elementor-id=\"3563\" class=\"elementor elementor-3563\">\n\t\t\t\t\t\t<section class=\"elementor-section elementor-top-section elementor-element elementor-element-63f07dd elementor-section-boxed elementor-section-height-default elementor-section-height-default\" data-id=\"63f07dd\" data-element_type=\"section\">\n\t\t\t\t\t\t<div class=\"elementor-container elementor-column-gap-default\">\n\t\t\t\t\t<div class=\"elementor-column elementor-col-100 elementor-top-column elementor-element elementor-element-c18c36f\" data-id=\"c18c36f\" data-element_type=\"column\">\n\t\t\t<div class=\"elementor-widget-wrap elementor-element-populated\">\n\t\t\t\t\t\t<div class=\"elementor-element elementor-element-6e4f619 elementor-widget elementor-widget-heading\" data-id=\"6e4f619\" data-element_type=\"widget\" data-settings=\"{&quot;_animation&quot;:&quot;none&quot;}\" data-widget_type=\"heading.default\">\n\t\t\t\t<div class=\"elementor-widget-container\">\n\t\t\t\t\t<h2 class=\"elementor-heading-title elementor-size-default\">Andras Subert<\/h2>\t\t\t\t<\/div>\n\t\t\t\t<\/div>\n\t\t\t\t<div class=\"elementor-element elementor-element-dd6e12e elementor-widget elementor-widget-text-editor\" data-id=\"dd6e12e\" data-element_type=\"widget\" data-widget_type=\"text-editor.default\">\n\t\t\t\t<div class=\"elementor-widget-container\">\n\t\t\t\t\t\t\t\t\t<p><b>HISTORIAL RESUMIDO<\/b><\/p><p>D. Andras Subert es miembro del equipo de trabajo por parte del Hosptial Universitario Cista del Sol (FIMABIS), y como responsable de comunicaci\u00f3n e investigador de Soludable aporta al proyecto su experiencia en investigaci\u00f3n en comunicaci\u00f3n en salud tanto en materia de c\u00e1ncer de piel e infecciones de transmisi\u00f3n sexual, como su trayectoria en la gesti\u00f3n de la comunicaci\u00f3n estrat\u00e9gica en prevenci\u00f3n del c\u00e1ncer de piel off-line (notas de prensa, folletos, carteler\u00eda) y on-line (RRSS, p\u00e1gina web, blog) de Soludable. Adem\u00e1s, AS cuenta con experiencia en proyectos de investigaci\u00f3n de campo en evaluaci\u00f3n de riesgo y prevenci\u00f3n de c\u00e1ncer de piel, en poblaciones de alto riesgo como son los deportistas de exterior, cuyos resultados han sido publicados en revistas internacionales indexadas en JCR de alto impacto.<\/p>\t\t\t\t\t\t\t\t<\/div>\n\t\t\t\t<\/div>\n\t\t\t\t\t<\/div>\n\t\t<\/div>\n\t\t\t\t\t<\/div>\n\t\t<\/section>\n\t\t\t\t<\/div>\n\t\t","protected":false},"excerpt":{"rendered":"<p>Andras Subert HISTORIAL RESUMIDO D. Andras Subert es miembro del equipo de trabajo por parte del Hosptial Universitario Cista del Sol (FIMABIS), y como responsable de comunicaci\u00f3n e investigador de Soludable aporta al proyecto su experiencia en investigaci\u00f3n en comunicaci\u00f3n en salud tanto en materia de c\u00e1ncer de piel e infecciones de transmisi\u00f3n sexual, como [&hellip;]<\/p>\n","protected":false},"author":1,"featured_media":0,"parent":0,"menu_order":0,"comment_status":"closed","ping_status":"closed","template":"","meta":{"site-sidebar-layout":"no-sidebar","site-content-layout":"page-builder","ast-site-content-layout":"full-width-container","site-content-style":"default","site-sidebar-style":"default","ast-global-header-display":"","ast-banner-title-visibility":"","ast-main-header-display":"","ast-hfb-above-header-display":"","ast-hfb-below-header-display":"","ast-hfb-mobile-header-display":"","site-post-title":"","ast-breadcrumbs-content":"","ast-featured-img":"disabled","footer-sml-layout":"","theme-transparent-header-meta":"","adv-header-id-meta":"","stick-header-meta":"","header-above-stick-meta":"","header-main-stick-meta":"","header-below-stick-meta":"","astra-migrate-meta-layouts":"default","ast-page-background-enabled":"default","ast-page-background-meta":{"desktop":{"background-color":"var(--ast-global-color-4)","background-image":"","background-repeat":"repeat","background-position":"center center","background-size":"auto","background-attachment":"scroll","background-type":"","background-media":"","overlay-type":"","overlay-color":"","overlay-opacity":"","overlay-gradient":""},"tablet":{"background-color":"","background-image":"","background-repeat":"repeat","background-position":"center center","background-size":"auto","background-attachment":"scroll","background-type":"","background-media":"","overlay-type":"","overlay-color":"","overlay-opacity":"","overlay-gradient":""},"mobile":{"background-color":"","background-image":"","background-repeat":"repeat","background-position":"center center","background-size":"auto","background-attachment":"scroll","background-type":"","background-media":"","overlay-type":"","overlay-color":"","overlay-opacity":"","overlay-gradient":""}},"ast-content-background-meta":{"desktop":{"background-color":"var(--ast-global-color-5)","background-image":"","background-repeat":"repeat","background-position":"center center","background-size":"auto","background-attachment":"scroll","background-type":"","background-media":"","overlay-type":"","overlay-color":"","overlay-opacity":"","overlay-gradient":""},"tablet":{"background-color":"var(--ast-global-color-5)","background-image":"","background-repeat":"repeat","background-position":"center center","background-size":"auto","background-attachment":"scroll","background-type":"","background-media":"","overlay-type":"","overlay-color":"","overlay-opacity":"","overlay-gradient":""},"mobile":{"background-color":"var(--ast-global-color-5)","background-image":"","background-repeat":"repeat","background-position":"center center","background-size":"auto","background-attachment":"scroll","background-type":"","background-media":"","overlay-type":"","overlay-color":"","overlay-opacity":"","overlay-gradient":""}},"footnotes":""},"class_list":["post-3563","page","type-page","status-publish","hentry"],"yoast_head":"<!-- This site is optimized with the Yoast SEO plugin v27.3 - https:\/\/yoast.com\/product\/yoast-seo-wordpress\/ -->\n<title>Andras Subert &#8226;<\/title>\n<meta name=\"robots\" content=\"index, follow, max-snippet:-1, max-image-preview:large, max-video-preview:-1\" \/>\n<link rel=\"canonical\" href=\"https:\/\/strategichealthcommunication.com\/index.php\/andras-subert\/\" \/>\n<meta property=\"og:locale\" content=\"en_US\" \/>\n<meta property=\"og:type\" content=\"article\" \/>\n<meta property=\"og:title\" content=\"Andras Subert &#8226;\" \/>\n<meta property=\"og:description\" content=\"Andras Subert HISTORIAL RESUMIDO D. Andras Subert es miembro del equipo de trabajo por parte del Hosptial Universitario Cista del Sol (FIMABIS), y como responsable de comunicaci\u00f3n e investigador de Soludable aporta al proyecto su experiencia en investigaci\u00f3n en comunicaci\u00f3n en salud tanto en materia de c\u00e1ncer de piel e infecciones de transmisi\u00f3n sexual, como [&hellip;]\" \/>\n<meta property=\"og:url\" content=\"https:\/\/strategichealthcommunication.com\/index.php\/andras-subert\/\" \/>\n<meta property=\"article:publisher\" content=\"https:\/\/www.facebook.com\/Comunicancer-112518534571202\" \/>\n<meta property=\"article:modified_time\" content=\"2026-01-29T15:33:36+00:00\" \/>\n<meta name=\"twitter:card\" content=\"summary_large_image\" \/>\n<meta name=\"twitter:site\" content=\"@comunicancer\" \/>\n<meta name=\"twitter:label1\" content=\"Est. reading time\" \/>\n\t<meta name=\"twitter:data1\" content=\"1 minute\" \/>\n<script type=\"application\/ld+json\" class=\"yoast-schema-graph\">{\"@context\":\"https:\\\/\\\/schema.org\",\"@graph\":[{\"@type\":\"WebPage\",\"@id\":\"https:\\\/\\\/strategichealthcommunication.com\\\/index.php\\\/andras-subert\\\/\",\"url\":\"https:\\\/\\\/strategichealthcommunication.com\\\/index.php\\\/andras-subert\\\/\",\"name\":\"Andras Subert &#8226;\",\"isPartOf\":{\"@id\":\"https:\\\/\\\/strategichealthcommunication.com\\\/#website\"},\"datePublished\":\"2026-01-29T15:31:27+00:00\",\"dateModified\":\"2026-01-29T15:33:36+00:00\",\"breadcrumb\":{\"@id\":\"https:\\\/\\\/strategichealthcommunication.com\\\/index.php\\\/andras-subert\\\/#breadcrumb\"},\"inLanguage\":\"en-US\",\"potentialAction\":[{\"@type\":\"ReadAction\",\"target\":[\"https:\\\/\\\/strategichealthcommunication.com\\\/index.php\\\/andras-subert\\\/\"]}]},{\"@type\":\"BreadcrumbList\",\"@id\":\"https:\\\/\\\/strategichealthcommunication.com\\\/index.php\\\/andras-subert\\\/#breadcrumb\",\"itemListElement\":[{\"@type\":\"ListItem\",\"position\":1,\"name\":\"Home\",\"item\":\"https:\\\/\\\/strategichealthcommunication.com\\\/\"},{\"@type\":\"ListItem\",\"position\":2,\"name\":\"Andras Subert\"}]},{\"@type\":\"WebSite\",\"@id\":\"https:\\\/\\\/strategichealthcommunication.com\\\/#website\",\"url\":\"https:\\\/\\\/strategichealthcommunication.com\\\/\",\"name\":\"\",\"description\":\"\",\"publisher\":{\"@id\":\"https:\\\/\\\/strategichealthcommunication.com\\\/#organization\"},\"potentialAction\":[{\"@type\":\"SearchAction\",\"target\":{\"@type\":\"EntryPoint\",\"urlTemplate\":\"https:\\\/\\\/strategichealthcommunication.com\\\/?s={search_term_string}\"},\"query-input\":{\"@type\":\"PropertyValueSpecification\",\"valueRequired\":true,\"valueName\":\"search_term_string\"}}],\"inLanguage\":\"en-US\"},{\"@type\":\"Organization\",\"@id\":\"https:\\\/\\\/strategichealthcommunication.com\\\/#organization\",\"name\":\"Comunicancerpiel\",\"url\":\"https:\\\/\\\/strategichealthcommunication.com\\\/\",\"logo\":{\"@type\":\"ImageObject\",\"inLanguage\":\"en-US\",\"@id\":\"https:\\\/\\\/strategichealthcommunication.com\\\/#\\\/schema\\\/logo\\\/image\\\/\",\"url\":\"https:\\\/\\\/strategichealthcommunication.com\\\/wp-content\\\/uploads\\\/2021\\\/11\\\/4-1.png\",\"contentUrl\":\"https:\\\/\\\/strategichealthcommunication.com\\\/wp-content\\\/uploads\\\/2021\\\/11\\\/4-1.png\",\"width\":500,\"height\":500,\"caption\":\"Comunicancerpiel\"},\"image\":{\"@id\":\"https:\\\/\\\/strategichealthcommunication.com\\\/#\\\/schema\\\/logo\\\/image\\\/\"},\"sameAs\":[\"https:\\\/\\\/www.facebook.com\\\/Comunicancer-112518534571202\",\"https:\\\/\\\/x.com\\\/comunicancer\",\"https:\\\/\\\/www.linkedin.com\\\/company\\\/80645838\"]}]}<\/script>\n<!-- \/ Yoast SEO plugin. -->","yoast_head_json":{"title":"Andras Subert &#8226;","robots":{"index":"index","follow":"follow","max-snippet":"max-snippet:-1","max-image-preview":"max-image-preview:large","max-video-preview":"max-video-preview:-1"},"canonical":"https:\/\/strategichealthcommunication.com\/index.php\/andras-subert\/","og_locale":"en_US","og_type":"article","og_title":"Andras Subert &#8226;","og_description":"Andras Subert HISTORIAL RESUMIDO D. Andras Subert es miembro del equipo de trabajo por parte del Hosptial Universitario Cista del Sol (FIMABIS), y como responsable de comunicaci\u00f3n e investigador de Soludable aporta al proyecto su experiencia en investigaci\u00f3n en comunicaci\u00f3n en salud tanto en materia de c\u00e1ncer de piel e infecciones de transmisi\u00f3n sexual, como [&hellip;]","og_url":"https:\/\/strategichealthcommunication.com\/index.php\/andras-subert\/","article_publisher":"https:\/\/www.facebook.com\/Comunicancer-112518534571202","article_modified_time":"2026-01-29T15:33:36+00:00","twitter_card":"summary_large_image","twitter_site":"@comunicancer","twitter_misc":{"Est. reading time":"1 minute"},"schema":{"@context":"https:\/\/schema.org","@graph":[{"@type":"WebPage","@id":"https:\/\/strategichealthcommunication.com\/index.php\/andras-subert\/","url":"https:\/\/strategichealthcommunication.com\/index.php\/andras-subert\/","name":"Andras Subert &#8226;","isPartOf":{"@id":"https:\/\/strategichealthcommunication.com\/#website"},"datePublished":"2026-01-29T15:31:27+00:00","dateModified":"2026-01-29T15:33:36+00:00","breadcrumb":{"@id":"https:\/\/strategichealthcommunication.com\/index.php\/andras-subert\/#breadcrumb"},"inLanguage":"en-US","potentialAction":[{"@type":"ReadAction","target":["https:\/\/strategichealthcommunication.com\/index.php\/andras-subert\/"]}]},{"@type":"BreadcrumbList","@id":"https:\/\/strategichealthcommunication.com\/index.php\/andras-subert\/#breadcrumb","itemListElement":[{"@type":"ListItem","position":1,"name":"Home","item":"https:\/\/strategichealthcommunication.com\/"},{"@type":"ListItem","position":2,"name":"Andras Subert"}]},{"@type":"WebSite","@id":"https:\/\/strategichealthcommunication.com\/#website","url":"https:\/\/strategichealthcommunication.com\/","name":"","description":"","publisher":{"@id":"https:\/\/strategichealthcommunication.com\/#organization"},"potentialAction":[{"@type":"SearchAction","target":{"@type":"EntryPoint","urlTemplate":"https:\/\/strategichealthcommunication.com\/?s={search_term_string}"},"query-input":{"@type":"PropertyValueSpecification","valueRequired":true,"valueName":"search_term_string"}}],"inLanguage":"en-US"},{"@type":"Organization","@id":"https:\/\/strategichealthcommunication.com\/#organization","name":"Comunicancerpiel","url":"https:\/\/strategichealthcommunication.com\/","logo":{"@type":"ImageObject","inLanguage":"en-US","@id":"https:\/\/strategichealthcommunication.com\/#\/schema\/logo\/image\/","url":"https:\/\/strategichealthcommunication.com\/wp-content\/uploads\/2021\/11\/4-1.png","contentUrl":"https:\/\/strategichealthcommunication.com\/wp-content\/uploads\/2021\/11\/4-1.png","width":500,"height":500,"caption":"Comunicancerpiel"},"image":{"@id":"https:\/\/strategichealthcommunication.com\/#\/schema\/logo\/image\/"},"sameAs":["https:\/\/www.facebook.com\/Comunicancer-112518534571202","https:\/\/x.com\/comunicancer","https:\/\/www.linkedin.com\/company\/80645838"]}]}},"_links":{"self":[{"href":"https:\/\/strategichealthcommunication.com\/index.php\/wp-json\/wp\/v2\/pages\/3563","targetHints":{"allow":["GET"]}}],"collection":[{"href":"https:\/\/strategichealthcommunication.com\/index.php\/wp-json\/wp\/v2\/pages"}],"about":[{"href":"https:\/\/strategichealthcommunication.com\/index.php\/wp-json\/wp\/v2\/types\/page"}],"author":[{"embeddable":true,"href":"https:\/\/strategichealthcommunication.com\/index.php\/wp-json\/wp\/v2\/users\/1"}],"replies":[{"embeddable":true,"href":"https:\/\/strategichealthcommunication.com\/index.php\/wp-json\/wp\/v2\/comments?post=3563"}],"version-history":[{"count":4,"href":"https:\/\/strategichealthcommunication.com\/index.php\/wp-json\/wp\/v2\/pages\/3563\/revisions"}],"predecessor-version":[{"id":3568,"href":"https:\/\/strategichealthcommunication.com\/index.php\/wp-json\/wp\/v2\/pages\/3563\/revisions\/3568"}],"wp:attachment":[{"href":"https:\/\/strategichealthcommunication.com\/index.php\/wp-json\/wp\/v2\/media?parent=3563"}],"curies":[{"name":"wp","href":"https:\/\/api.w.org\/{rel}","templated":true}]}}