{"id":3576,"date":"2026-01-29T15:49:23","date_gmt":"2026-01-29T15:49:23","guid":{"rendered":"https:\/\/strategichealthcommunication.com\/?page_id=3576"},"modified":"2026-01-29T15:50:06","modified_gmt":"2026-01-29T15:50:06","slug":"lara-jimenez-sanchez","status":"publish","type":"page","link":"https:\/\/strategichealthcommunication.com\/index.php\/lara-jimenez-sanchez\/","title":{"rendered":"Lara Jimenez Sanchez"},"content":{"rendered":"\t\t<div data-elementor-type=\"wp-page\" data-elementor-id=\"3576\" class=\"elementor elementor-3576\">\n\t\t\t\t\t\t<section class=\"elementor-section elementor-top-section elementor-element elementor-element-0181f02 elementor-section-boxed elementor-section-height-default elementor-section-height-default\" data-id=\"0181f02\" data-element_type=\"section\">\n\t\t\t\t\t\t<div class=\"elementor-container elementor-column-gap-default\">\n\t\t\t\t\t<div class=\"elementor-column elementor-col-100 elementor-top-column elementor-element elementor-element-a20c6c5\" data-id=\"a20c6c5\" data-element_type=\"column\">\n\t\t\t<div class=\"elementor-widget-wrap elementor-element-populated\">\n\t\t\t\t\t\t<div class=\"elementor-element elementor-element-4ebbb7d elementor-widget elementor-widget-heading\" data-id=\"4ebbb7d\" data-element_type=\"widget\" data-settings=\"{&quot;_animation&quot;:&quot;none&quot;}\" data-widget_type=\"heading.default\">\n\t\t\t\t<div class=\"elementor-widget-container\">\n\t\t\t\t\t<h2 class=\"elementor-heading-title elementor-size-default\">Lara Jim\u00e9nez S\u00e1nchez<\/h2>\t\t\t\t<\/div>\n\t\t\t\t<\/div>\n\t\t\t\t<div class=\"elementor-element elementor-element-c661805 elementor-widget elementor-widget-text-editor\" data-id=\"c661805\" data-element_type=\"widget\" data-widget_type=\"text-editor.default\">\n\t\t\t\t<div class=\"elementor-widget-container\">\n\t\t\t\t\t\t\t\t\t<p><b>HISTORIAL RESUMIDO<\/b><\/p>\n<p>Doctora Cum Laude en comunicaci\u00f3n estrat\u00e9gica. Forma parte&nbsp;activa&nbsp;del equipo del proyecto&nbsp;<a title=\"Link: null\">COMUNICANCER<\/a>, dedicado a la comunicaci\u00f3n estrat\u00e9gica en salud, desde el que se&nbsp;ha desarrollado proyectos I+D+i, financiados por el Ministerio de Ciencia e Innovaci\u00f3n y la Agencia Estatal de Investigaci\u00f3n.&nbsp;<\/p>\n<p>Es graduada en Magisterio y en Marketing, y M\u00e1ster en Investigaci\u00f3n Aplicada a la Comunicaci\u00f3n. En 2023, su Trabajo de Fin de M\u00e1ster fue reconocido con el premio a los mejores TFG, TFM y Tesis Doctorales vinculados a los Objetivos de Desarrollo Sostenible, por su contribuci\u00f3n al ODS 3: Salud y Bienestar.&nbsp;<\/p>\n<p>Actualmente imparte docencia en el Grado en Publicidad y Relaciones P\u00fablicas de la URJC. Sus principales l\u00edneas de investigaci\u00f3n se centran en la comunicaci\u00f3n estrat\u00e9gica en salud,&nbsp;la comunicaci\u00f3n digital en redes sociales&nbsp;y&nbsp;an\u00e1lisis de percepciones y actitudes,&nbsp;especialmente en&nbsp;fotoprotecci\u00f3n.<\/p>\t\t\t\t\t\t\t\t<\/div>\n\t\t\t\t<\/div>\n\t\t\t\t\t<\/div>\n\t\t<\/div>\n\t\t\t\t\t<\/div>\n\t\t<\/section>\n\t\t\t\t<\/div>\n\t\t","protected":false},"excerpt":{"rendered":"<p>Lara Jim\u00e9nez S\u00e1nchez HISTORIAL RESUMIDO Doctora Cum Laude en comunicaci\u00f3n estrat\u00e9gica. Forma parte&nbsp;activa&nbsp;del equipo del proyecto&nbsp;COMUNICANCER, dedicado a la comunicaci\u00f3n estrat\u00e9gica en salud, desde el que se&nbsp;ha desarrollado proyectos I+D+i, financiados por el Ministerio de Ciencia e Innovaci\u00f3n y la Agencia Estatal de Investigaci\u00f3n.&nbsp; Es graduada en Magisterio y en Marketing, y M\u00e1ster en Investigaci\u00f3n [&hellip;]<\/p>\n","protected":false},"author":1,"featured_media":0,"parent":0,"menu_order":0,"comment_status":"closed","ping_status":"closed","template":"","meta":{"site-sidebar-layout":"no-sidebar","site-content-layout":"page-builder","ast-site-content-layout":"full-width-container","site-content-style":"default","site-sidebar-style":"default","ast-global-header-display":"","ast-banner-title-visibility":"","ast-main-header-display":"","ast-hfb-above-header-display":"","ast-hfb-below-header-display":"","ast-hfb-mobile-header-display":"","site-post-title":"","ast-breadcrumbs-content":"","ast-featured-img":"disabled","footer-sml-layout":"","theme-transparent-header-meta":"","adv-header-id-meta":"","stick-header-meta":"","header-above-stick-meta":"","header-main-stick-meta":"","header-below-stick-meta":"","astra-migrate-meta-layouts":"default","ast-page-background-enabled":"default","ast-page-background-meta":{"desktop":{"background-color":"var(--ast-global-color-4)","background-image":"","background-repeat":"repeat","background-position":"center center","background-size":"auto","background-attachment":"scroll","background-type":"","background-media":"","overlay-type":"","overlay-color":"","overlay-opacity":"","overlay-gradient":""},"tablet":{"background-color":"","background-image":"","background-repeat":"repeat","background-position":"center center","background-size":"auto","background-attachment":"scroll","background-type":"","background-media":"","overlay-type":"","overlay-color":"","overlay-opacity":"","overlay-gradient":""},"mobile":{"background-color":"","background-image":"","background-repeat":"repeat","background-position":"center center","background-size":"auto","background-attachment":"scroll","background-type":"","background-media":"","overlay-type":"","overlay-color":"","overlay-opacity":"","overlay-gradient":""}},"ast-content-background-meta":{"desktop":{"background-color":"var(--ast-global-color-5)","background-image":"","background-repeat":"repeat","background-position":"center center","background-size":"auto","background-attachment":"scroll","background-type":"","background-media":"","overlay-type":"","overlay-color":"","overlay-opacity":"","overlay-gradient":""},"tablet":{"background-color":"var(--ast-global-color-5)","background-image":"","background-repeat":"repeat","background-position":"center center","background-size":"auto","background-attachment":"scroll","background-type":"","background-media":"","overlay-type":"","overlay-color":"","overlay-opacity":"","overlay-gradient":""},"mobile":{"background-color":"var(--ast-global-color-5)","background-image":"","background-repeat":"repeat","background-position":"center center","background-size":"auto","background-attachment":"scroll","background-type":"","background-media":"","overlay-type":"","overlay-color":"","overlay-opacity":"","overlay-gradient":""}},"footnotes":""},"class_list":["post-3576","page","type-page","status-publish","hentry"],"yoast_head":"<!-- This site is optimized with the Yoast SEO plugin v27.3 - https:\/\/yoast.com\/product\/yoast-seo-wordpress\/ -->\n<title>Lara Jimenez Sanchez &#8226;<\/title>\n<meta name=\"robots\" content=\"index, follow, max-snippet:-1, max-image-preview:large, max-video-preview:-1\" \/>\n<link rel=\"canonical\" href=\"https:\/\/strategichealthcommunication.com\/index.php\/lara-jimenez-sanchez\/\" \/>\n<meta property=\"og:locale\" content=\"en_US\" \/>\n<meta property=\"og:type\" content=\"article\" \/>\n<meta property=\"og:title\" content=\"Lara Jimenez Sanchez &#8226;\" \/>\n<meta property=\"og:description\" content=\"Lara Jim\u00e9nez S\u00e1nchez HISTORIAL RESUMIDO Doctora Cum Laude en comunicaci\u00f3n estrat\u00e9gica. Forma parte&nbsp;activa&nbsp;del equipo del proyecto&nbsp;COMUNICANCER, dedicado a la comunicaci\u00f3n estrat\u00e9gica en salud, desde el que se&nbsp;ha desarrollado proyectos I+D+i, financiados por el Ministerio de Ciencia e Innovaci\u00f3n y la Agencia Estatal de Investigaci\u00f3n.&nbsp; Es graduada en Magisterio y en Marketing, y M\u00e1ster en Investigaci\u00f3n [&hellip;]\" \/>\n<meta property=\"og:url\" content=\"https:\/\/strategichealthcommunication.com\/index.php\/lara-jimenez-sanchez\/\" \/>\n<meta property=\"article:publisher\" content=\"https:\/\/www.facebook.com\/Comunicancer-112518534571202\" \/>\n<meta property=\"article:modified_time\" content=\"2026-01-29T15:50:06+00:00\" \/>\n<meta name=\"twitter:card\" content=\"summary_large_image\" \/>\n<meta name=\"twitter:site\" content=\"@comunicancer\" \/>\n<meta name=\"twitter:label1\" content=\"Est. reading time\" \/>\n\t<meta name=\"twitter:data1\" content=\"1 minute\" \/>\n<script type=\"application\/ld+json\" class=\"yoast-schema-graph\">{\"@context\":\"https:\\\/\\\/schema.org\",\"@graph\":[{\"@type\":\"WebPage\",\"@id\":\"https:\\\/\\\/strategichealthcommunication.com\\\/index.php\\\/lara-jimenez-sanchez\\\/\",\"url\":\"https:\\\/\\\/strategichealthcommunication.com\\\/index.php\\\/lara-jimenez-sanchez\\\/\",\"name\":\"Lara Jimenez Sanchez &#8226;\",\"isPartOf\":{\"@id\":\"https:\\\/\\\/strategichealthcommunication.com\\\/#website\"},\"datePublished\":\"2026-01-29T15:49:23+00:00\",\"dateModified\":\"2026-01-29T15:50:06+00:00\",\"breadcrumb\":{\"@id\":\"https:\\\/\\\/strategichealthcommunication.com\\\/index.php\\\/lara-jimenez-sanchez\\\/#breadcrumb\"},\"inLanguage\":\"en-US\",\"potentialAction\":[{\"@type\":\"ReadAction\",\"target\":[\"https:\\\/\\\/strategichealthcommunication.com\\\/index.php\\\/lara-jimenez-sanchez\\\/\"]}]},{\"@type\":\"BreadcrumbList\",\"@id\":\"https:\\\/\\\/strategichealthcommunication.com\\\/index.php\\\/lara-jimenez-sanchez\\\/#breadcrumb\",\"itemListElement\":[{\"@type\":\"ListItem\",\"position\":1,\"name\":\"Home\",\"item\":\"https:\\\/\\\/strategichealthcommunication.com\\\/\"},{\"@type\":\"ListItem\",\"position\":2,\"name\":\"Lara Jimenez Sanchez\"}]},{\"@type\":\"WebSite\",\"@id\":\"https:\\\/\\\/strategichealthcommunication.com\\\/#website\",\"url\":\"https:\\\/\\\/strategichealthcommunication.com\\\/\",\"name\":\"\",\"description\":\"\",\"publisher\":{\"@id\":\"https:\\\/\\\/strategichealthcommunication.com\\\/#organization\"},\"potentialAction\":[{\"@type\":\"SearchAction\",\"target\":{\"@type\":\"EntryPoint\",\"urlTemplate\":\"https:\\\/\\\/strategichealthcommunication.com\\\/?s={search_term_string}\"},\"query-input\":{\"@type\":\"PropertyValueSpecification\",\"valueRequired\":true,\"valueName\":\"search_term_string\"}}],\"inLanguage\":\"en-US\"},{\"@type\":\"Organization\",\"@id\":\"https:\\\/\\\/strategichealthcommunication.com\\\/#organization\",\"name\":\"Comunicancerpiel\",\"url\":\"https:\\\/\\\/strategichealthcommunication.com\\\/\",\"logo\":{\"@type\":\"ImageObject\",\"inLanguage\":\"en-US\",\"@id\":\"https:\\\/\\\/strategichealthcommunication.com\\\/#\\\/schema\\\/logo\\\/image\\\/\",\"url\":\"https:\\\/\\\/strategichealthcommunication.com\\\/wp-content\\\/uploads\\\/2021\\\/11\\\/4-1.png\",\"contentUrl\":\"https:\\\/\\\/strategichealthcommunication.com\\\/wp-content\\\/uploads\\\/2021\\\/11\\\/4-1.png\",\"width\":500,\"height\":500,\"caption\":\"Comunicancerpiel\"},\"image\":{\"@id\":\"https:\\\/\\\/strategichealthcommunication.com\\\/#\\\/schema\\\/logo\\\/image\\\/\"},\"sameAs\":[\"https:\\\/\\\/www.facebook.com\\\/Comunicancer-112518534571202\",\"https:\\\/\\\/x.com\\\/comunicancer\",\"https:\\\/\\\/www.linkedin.com\\\/company\\\/80645838\"]}]}<\/script>\n<!-- \/ Yoast SEO plugin. -->","yoast_head_json":{"title":"Lara Jimenez Sanchez &#8226;","robots":{"index":"index","follow":"follow","max-snippet":"max-snippet:-1","max-image-preview":"max-image-preview:large","max-video-preview":"max-video-preview:-1"},"canonical":"https:\/\/strategichealthcommunication.com\/index.php\/lara-jimenez-sanchez\/","og_locale":"en_US","og_type":"article","og_title":"Lara Jimenez Sanchez &#8226;","og_description":"Lara Jim\u00e9nez S\u00e1nchez HISTORIAL RESUMIDO Doctora Cum Laude en comunicaci\u00f3n estrat\u00e9gica. Forma parte&nbsp;activa&nbsp;del equipo del proyecto&nbsp;COMUNICANCER, dedicado a la comunicaci\u00f3n estrat\u00e9gica en salud, desde el que se&nbsp;ha desarrollado proyectos I+D+i, financiados por el Ministerio de Ciencia e Innovaci\u00f3n y la Agencia Estatal de Investigaci\u00f3n.&nbsp; Es graduada en Magisterio y en Marketing, y M\u00e1ster en Investigaci\u00f3n [&hellip;]","og_url":"https:\/\/strategichealthcommunication.com\/index.php\/lara-jimenez-sanchez\/","article_publisher":"https:\/\/www.facebook.com\/Comunicancer-112518534571202","article_modified_time":"2026-01-29T15:50:06+00:00","twitter_card":"summary_large_image","twitter_site":"@comunicancer","twitter_misc":{"Est. reading time":"1 minute"},"schema":{"@context":"https:\/\/schema.org","@graph":[{"@type":"WebPage","@id":"https:\/\/strategichealthcommunication.com\/index.php\/lara-jimenez-sanchez\/","url":"https:\/\/strategichealthcommunication.com\/index.php\/lara-jimenez-sanchez\/","name":"Lara Jimenez Sanchez &#8226;","isPartOf":{"@id":"https:\/\/strategichealthcommunication.com\/#website"},"datePublished":"2026-01-29T15:49:23+00:00","dateModified":"2026-01-29T15:50:06+00:00","breadcrumb":{"@id":"https:\/\/strategichealthcommunication.com\/index.php\/lara-jimenez-sanchez\/#breadcrumb"},"inLanguage":"en-US","potentialAction":[{"@type":"ReadAction","target":["https:\/\/strategichealthcommunication.com\/index.php\/lara-jimenez-sanchez\/"]}]},{"@type":"BreadcrumbList","@id":"https:\/\/strategichealthcommunication.com\/index.php\/lara-jimenez-sanchez\/#breadcrumb","itemListElement":[{"@type":"ListItem","position":1,"name":"Home","item":"https:\/\/strategichealthcommunication.com\/"},{"@type":"ListItem","position":2,"name":"Lara Jimenez Sanchez"}]},{"@type":"WebSite","@id":"https:\/\/strategichealthcommunication.com\/#website","url":"https:\/\/strategichealthcommunication.com\/","name":"","description":"","publisher":{"@id":"https:\/\/strategichealthcommunication.com\/#organization"},"potentialAction":[{"@type":"SearchAction","target":{"@type":"EntryPoint","urlTemplate":"https:\/\/strategichealthcommunication.com\/?s={search_term_string}"},"query-input":{"@type":"PropertyValueSpecification","valueRequired":true,"valueName":"search_term_string"}}],"inLanguage":"en-US"},{"@type":"Organization","@id":"https:\/\/strategichealthcommunication.com\/#organization","name":"Comunicancerpiel","url":"https:\/\/strategichealthcommunication.com\/","logo":{"@type":"ImageObject","inLanguage":"en-US","@id":"https:\/\/strategichealthcommunication.com\/#\/schema\/logo\/image\/","url":"https:\/\/strategichealthcommunication.com\/wp-content\/uploads\/2021\/11\/4-1.png","contentUrl":"https:\/\/strategichealthcommunication.com\/wp-content\/uploads\/2021\/11\/4-1.png","width":500,"height":500,"caption":"Comunicancerpiel"},"image":{"@id":"https:\/\/strategichealthcommunication.com\/#\/schema\/logo\/image\/"},"sameAs":["https:\/\/www.facebook.com\/Comunicancer-112518534571202","https:\/\/x.com\/comunicancer","https:\/\/www.linkedin.com\/company\/80645838"]}]}},"_links":{"self":[{"href":"https:\/\/strategichealthcommunication.com\/index.php\/wp-json\/wp\/v2\/pages\/3576","targetHints":{"allow":["GET"]}}],"collection":[{"href":"https:\/\/strategichealthcommunication.com\/index.php\/wp-json\/wp\/v2\/pages"}],"about":[{"href":"https:\/\/strategichealthcommunication.com\/index.php\/wp-json\/wp\/v2\/types\/page"}],"author":[{"embeddable":true,"href":"https:\/\/strategichealthcommunication.com\/index.php\/wp-json\/wp\/v2\/users\/1"}],"replies":[{"embeddable":true,"href":"https:\/\/strategichealthcommunication.com\/index.php\/wp-json\/wp\/v2\/comments?post=3576"}],"version-history":[{"count":4,"href":"https:\/\/strategichealthcommunication.com\/index.php\/wp-json\/wp\/v2\/pages\/3576\/revisions"}],"predecessor-version":[{"id":3594,"href":"https:\/\/strategichealthcommunication.com\/index.php\/wp-json\/wp\/v2\/pages\/3576\/revisions\/3594"}],"wp:attachment":[{"href":"https:\/\/strategichealthcommunication.com\/index.php\/wp-json\/wp\/v2\/media?parent=3576"}],"curies":[{"name":"wp","href":"https:\/\/api.w.org\/{rel}","templated":true}]}}