{"id":3622,"date":"2026-01-29T16:28:18","date_gmt":"2026-01-29T16:28:18","guid":{"rendered":"https:\/\/strategichealthcommunication.com\/?page_id=3622"},"modified":"2026-01-29T16:29:23","modified_gmt":"2026-01-29T16:29:23","slug":"maria-auxiliadora-gabino-campos","status":"publish","type":"page","link":"https:\/\/strategichealthcommunication.com\/index.php\/maria-auxiliadora-gabino-campos\/","title":{"rendered":"Mar\u00eda Auxiliadora Gabino Campos"},"content":{"rendered":"\t\t<div data-elementor-type=\"wp-page\" data-elementor-id=\"3622\" class=\"elementor elementor-3622\">\n\t\t\t\t\t\t<section class=\"elementor-section elementor-top-section elementor-element elementor-element-9cf78e7 elementor-section-boxed elementor-section-height-default elementor-section-height-default\" data-id=\"9cf78e7\" data-element_type=\"section\">\n\t\t\t\t\t\t<div class=\"elementor-container elementor-column-gap-default\">\n\t\t\t\t\t<div class=\"elementor-column elementor-col-100 elementor-top-column elementor-element elementor-element-f79f437\" data-id=\"f79f437\" data-element_type=\"column\">\n\t\t\t<div class=\"elementor-widget-wrap elementor-element-populated\">\n\t\t\t\t\t\t<div class=\"elementor-element elementor-element-28f8d08 elementor-widget elementor-widget-heading\" data-id=\"28f8d08\" data-element_type=\"widget\" data-settings=\"{&quot;_animation&quot;:&quot;none&quot;}\" data-widget_type=\"heading.default\">\n\t\t\t\t<div class=\"elementor-widget-container\">\n\t\t\t\t\t<h2 class=\"elementor-heading-title elementor-size-default\">Mar\u00eda Auxiliadora Gabino Campos<\/h2>\t\t\t\t<\/div>\n\t\t\t\t<\/div>\n\t\t\t\t<div class=\"elementor-element elementor-element-6d88c16 elementor-widget elementor-widget-text-editor\" data-id=\"6d88c16\" data-element_type=\"widget\" data-widget_type=\"text-editor.default\">\n\t\t\t\t<div class=\"elementor-widget-container\">\n\t\t\t\t\t\t\t\t\t<p><b>HISTORIAL RESUMIDO<\/b><\/p>\n<p><span class=\"TextRun SCXW80722042 BCX0\" lang=\"ES-ES\" xml:lang=\"ES-ES\" data-contrast=\"auto\"><span class=\"NormalTextRun SCXW80722042 BCX0\">La Dra. Mar\u00eda Auxiliadora Gabino Campos, profesora investigadora en la Universidad de La Laguna, cuenta con una s\u00f3lida trayectoria en comunicaci\u00f3n estrat\u00e9gica, enfoc\u00e1ndose en el uso de redes sociales en salud. Es coautora del&nbsp;<\/span><\/span><span class=\"TextRun SCXW80722042 BCX0\" lang=\"ES-ES\" xml:lang=\"ES-ES\" data-contrast=\"auto\"><span class=\"NormalTextRun SCXW80722042 BCX0\" data-ccp-charstyle=\"Emphasis\">Manual para la identificaci\u00f3n y an\u00e1lisis de incidentes en salud<\/span><\/span><span class=\"TextRun SCXW80722042 BCX0\" lang=\"ES-ES\" xml:lang=\"ES-ES\" data-contrast=\"auto\"><span class=\"NormalTextRun SCXW80722042 BCX0\">&nbsp;(2021), publicado por la Universidad Aut\u00f3noma de San Luis Potos\u00ed. Su contribuci\u00f3n en el libro&nbsp;<\/span><\/span><span class=\"TextRun SCXW80722042 BCX0\" lang=\"ES-ES\" xml:lang=\"ES-ES\" data-contrast=\"auto\"><span class=\"NormalTextRun SCXW80722042 BCX0\" data-ccp-charstyle=\"Emphasis\">Nuevos retos de las organizaciones encargadas de la salud en M\u00e9xico<\/span><\/span><span class=\"TextRun SCXW80722042 BCX0\" lang=\"ES-ES\" xml:lang=\"ES-ES\" data-contrast=\"auto\"><span class=\"NormalTextRun SCXW80722042 BCX0\">, con el cap\u00edtulo&nbsp;<\/span><\/span><span class=\"TextRun SCXW80722042 BCX0\" lang=\"ES-ES\" xml:lang=\"ES-ES\" data-contrast=\"auto\"><span class=\"NormalTextRun SCXW80722042 BCX0\" data-ccp-charstyle=\"Emphasis\">&#8220;Uso de redes sociales en los establecimientos hospitalarios&#8221;<\/span><\/span><span class=\"TextRun SCXW80722042 BCX0\" lang=\"ES-ES\" xml:lang=\"ES-ES\" data-contrast=\"auto\"><span class=\"NormalTextRun SCXW80722042 BCX0\">, analiza el papel de las plataformas digitales en la difusi\u00f3n de informaci\u00f3n sanitaria. Tambi\u00e9n ha publicado&nbsp;<\/span><\/span><span class=\"TextRun SCXW80722042 BCX0\" lang=\"ES-ES\" xml:lang=\"ES-ES\" data-contrast=\"auto\"><span class=\"NormalTextRun SCXW80722042 BCX0\" data-ccp-charstyle=\"Emphasis\">&#8220;Perspectivas innovadoras desde las RR.PP. ante realidades comunicativas de desconfianza&#8221;<\/span><\/span><span class=\"TextRun SCXW80722042 BCX0\" lang=\"ES-ES\" xml:lang=\"ES-ES\" data-contrast=\"auto\"><span class=\"NormalTextRun SCXW80722042 BCX0\">&nbsp;y&nbsp;<\/span><\/span><span class=\"TextRun SCXW80722042 BCX0\" lang=\"ES-ES\" xml:lang=\"ES-ES\" data-contrast=\"auto\"><span class=\"NormalTextRun SCXW80722042 BCX0\" data-ccp-charstyle=\"Emphasis\">&#8220;La marca Pa\u00eds a trav\u00e9s de las Redes&#8221;<\/span><\/span><span class=\"TextRun SCXW80722042 BCX0\" lang=\"ES-ES\" xml:lang=\"ES-ES\" data-contrast=\"auto\"><span class=\"NormalTextRun SCXW80722042 BCX0\">. Participa en proyectos de innovaci\u00f3n docente como&nbsp;<\/span><\/span><span class=\"TextRun SCXW80722042 BCX0\" lang=\"ES-ES\" xml:lang=\"ES-ES\" data-contrast=\"auto\"><span class=\"NormalTextRun SCXW80722042 BCX0\" data-ccp-charstyle=\"Emphasis\">&#8220;Comunicaci\u00f3n estrat\u00e9gica en organizaciones del Tercer Sector&#8221;<\/span><\/span><span class=\"TextRun SCXW80722042 BCX0\" lang=\"ES-ES\" xml:lang=\"ES-ES\" data-contrast=\"auto\"><span class=\"NormalTextRun SCXW80722042 BCX0\">, aplicando metodolog\u00edas de aprendizaje-servicio&nbsp;<\/span><span class=\"NormalTextRun SCXW80722042 BCX0\">para optimizar la transferencia de conocimiento en comunicaci\u00f3n organizacional y digital.<\/span><\/span><\/p>\t\t\t\t\t\t\t\t<\/div>\n\t\t\t\t<\/div>\n\t\t\t\t\t<\/div>\n\t\t<\/div>\n\t\t\t\t\t<\/div>\n\t\t<\/section>\n\t\t\t\t<\/div>\n\t\t","protected":false},"excerpt":{"rendered":"<p>Mar\u00eda Auxiliadora Gabino Campos HISTORIAL RESUMIDO La Dra. Mar\u00eda Auxiliadora Gabino Campos, profesora investigadora en la Universidad de La Laguna, cuenta con una s\u00f3lida trayectoria en comunicaci\u00f3n estrat\u00e9gica, enfoc\u00e1ndose en el uso de redes sociales en salud. Es coautora del&nbsp;Manual para la identificaci\u00f3n y an\u00e1lisis de incidentes en salud&nbsp;(2021), publicado por la Universidad Aut\u00f3noma de [&hellip;]<\/p>\n","protected":false},"author":1,"featured_media":0,"parent":0,"menu_order":0,"comment_status":"closed","ping_status":"closed","template":"","meta":{"site-sidebar-layout":"no-sidebar","site-content-layout":"page-builder","ast-site-content-layout":"full-width-container","site-content-style":"default","site-sidebar-style":"default","ast-global-header-display":"","ast-banner-title-visibility":"","ast-main-header-display":"","ast-hfb-above-header-display":"","ast-hfb-below-header-display":"","ast-hfb-mobile-header-display":"","site-post-title":"","ast-breadcrumbs-content":"","ast-featured-img":"disabled","footer-sml-layout":"","theme-transparent-header-meta":"","adv-header-id-meta":"","stick-header-meta":"","header-above-stick-meta":"","header-main-stick-meta":"","header-below-stick-meta":"","astra-migrate-meta-layouts":"default","ast-page-background-enabled":"default","ast-page-background-meta":{"desktop":{"background-color":"var(--ast-global-color-4)","background-image":"","background-repeat":"repeat","background-position":"center center","background-size":"auto","background-attachment":"scroll","background-type":"","background-media":"","overlay-type":"","overlay-color":"","overlay-opacity":"","overlay-gradient":""},"tablet":{"background-color":"","background-image":"","background-repeat":"repeat","background-position":"center center","background-size":"auto","background-attachment":"scroll","background-type":"","background-media":"","overlay-type":"","overlay-color":"","overlay-opacity":"","overlay-gradient":""},"mobile":{"background-color":"","background-image":"","background-repeat":"repeat","background-position":"center center","background-size":"auto","background-attachment":"scroll","background-type":"","background-media":"","overlay-type":"","overlay-color":"","overlay-opacity":"","overlay-gradient":""}},"ast-content-background-meta":{"desktop":{"background-color":"var(--ast-global-color-5)","background-image":"","background-repeat":"repeat","background-position":"center center","background-size":"auto","background-attachment":"scroll","background-type":"","background-media":"","overlay-type":"","overlay-color":"","overlay-opacity":"","overlay-gradient":""},"tablet":{"background-color":"var(--ast-global-color-5)","background-image":"","background-repeat":"repeat","background-position":"center center","background-size":"auto","background-attachment":"scroll","background-type":"","background-media":"","overlay-type":"","overlay-color":"","overlay-opacity":"","overlay-gradient":""},"mobile":{"background-color":"var(--ast-global-color-5)","background-image":"","background-repeat":"repeat","background-position":"center center","background-size":"auto","background-attachment":"scroll","background-type":"","background-media":"","overlay-type":"","overlay-color":"","overlay-opacity":"","overlay-gradient":""}},"footnotes":""},"class_list":["post-3622","page","type-page","status-publish","hentry"],"yoast_head":"<!-- This site is optimized with the Yoast SEO plugin v27.3 - https:\/\/yoast.com\/product\/yoast-seo-wordpress\/ -->\n<title>Mar\u00eda Auxiliadora Gabino Campos &#8226;<\/title>\n<meta name=\"robots\" content=\"index, follow, max-snippet:-1, max-image-preview:large, max-video-preview:-1\" \/>\n<link rel=\"canonical\" href=\"https:\/\/strategichealthcommunication.com\/index.php\/maria-auxiliadora-gabino-campos\/\" \/>\n<meta property=\"og:locale\" content=\"en_US\" \/>\n<meta property=\"og:type\" content=\"article\" \/>\n<meta property=\"og:title\" content=\"Mar\u00eda Auxiliadora Gabino Campos &#8226;\" \/>\n<meta property=\"og:description\" content=\"Mar\u00eda Auxiliadora Gabino Campos HISTORIAL RESUMIDO La Dra. Mar\u00eda Auxiliadora Gabino Campos, profesora investigadora en la Universidad de La Laguna, cuenta con una s\u00f3lida trayectoria en comunicaci\u00f3n estrat\u00e9gica, enfoc\u00e1ndose en el uso de redes sociales en salud. Es coautora del&nbsp;Manual para la identificaci\u00f3n y an\u00e1lisis de incidentes en salud&nbsp;(2021), publicado por la Universidad Aut\u00f3noma de [&hellip;]\" \/>\n<meta property=\"og:url\" content=\"https:\/\/strategichealthcommunication.com\/index.php\/maria-auxiliadora-gabino-campos\/\" \/>\n<meta property=\"article:publisher\" content=\"https:\/\/www.facebook.com\/Comunicancer-112518534571202\" \/>\n<meta property=\"article:modified_time\" content=\"2026-01-29T16:29:23+00:00\" \/>\n<meta name=\"twitter:card\" content=\"summary_large_image\" \/>\n<meta name=\"twitter:site\" content=\"@comunicancer\" \/>\n<meta name=\"twitter:label1\" content=\"Est. reading time\" \/>\n\t<meta name=\"twitter:data1\" content=\"1 minute\" \/>\n<script type=\"application\/ld+json\" class=\"yoast-schema-graph\">{\"@context\":\"https:\\\/\\\/schema.org\",\"@graph\":[{\"@type\":\"WebPage\",\"@id\":\"https:\\\/\\\/strategichealthcommunication.com\\\/index.php\\\/maria-auxiliadora-gabino-campos\\\/\",\"url\":\"https:\\\/\\\/strategichealthcommunication.com\\\/index.php\\\/maria-auxiliadora-gabino-campos\\\/\",\"name\":\"Mar\u00eda Auxiliadora Gabino Campos &#8226;\",\"isPartOf\":{\"@id\":\"https:\\\/\\\/strategichealthcommunication.com\\\/#website\"},\"datePublished\":\"2026-01-29T16:28:18+00:00\",\"dateModified\":\"2026-01-29T16:29:23+00:00\",\"breadcrumb\":{\"@id\":\"https:\\\/\\\/strategichealthcommunication.com\\\/index.php\\\/maria-auxiliadora-gabino-campos\\\/#breadcrumb\"},\"inLanguage\":\"en-US\",\"potentialAction\":[{\"@type\":\"ReadAction\",\"target\":[\"https:\\\/\\\/strategichealthcommunication.com\\\/index.php\\\/maria-auxiliadora-gabino-campos\\\/\"]}]},{\"@type\":\"BreadcrumbList\",\"@id\":\"https:\\\/\\\/strategichealthcommunication.com\\\/index.php\\\/maria-auxiliadora-gabino-campos\\\/#breadcrumb\",\"itemListElement\":[{\"@type\":\"ListItem\",\"position\":1,\"name\":\"Home\",\"item\":\"https:\\\/\\\/strategichealthcommunication.com\\\/\"},{\"@type\":\"ListItem\",\"position\":2,\"name\":\"Mar\u00eda Auxiliadora Gabino Campos\"}]},{\"@type\":\"WebSite\",\"@id\":\"https:\\\/\\\/strategichealthcommunication.com\\\/#website\",\"url\":\"https:\\\/\\\/strategichealthcommunication.com\\\/\",\"name\":\"\",\"description\":\"\",\"publisher\":{\"@id\":\"https:\\\/\\\/strategichealthcommunication.com\\\/#organization\"},\"potentialAction\":[{\"@type\":\"SearchAction\",\"target\":{\"@type\":\"EntryPoint\",\"urlTemplate\":\"https:\\\/\\\/strategichealthcommunication.com\\\/?s={search_term_string}\"},\"query-input\":{\"@type\":\"PropertyValueSpecification\",\"valueRequired\":true,\"valueName\":\"search_term_string\"}}],\"inLanguage\":\"en-US\"},{\"@type\":\"Organization\",\"@id\":\"https:\\\/\\\/strategichealthcommunication.com\\\/#organization\",\"name\":\"Comunicancerpiel\",\"url\":\"https:\\\/\\\/strategichealthcommunication.com\\\/\",\"logo\":{\"@type\":\"ImageObject\",\"inLanguage\":\"en-US\",\"@id\":\"https:\\\/\\\/strategichealthcommunication.com\\\/#\\\/schema\\\/logo\\\/image\\\/\",\"url\":\"https:\\\/\\\/strategichealthcommunication.com\\\/wp-content\\\/uploads\\\/2021\\\/11\\\/4-1.png\",\"contentUrl\":\"https:\\\/\\\/strategichealthcommunication.com\\\/wp-content\\\/uploads\\\/2021\\\/11\\\/4-1.png\",\"width\":500,\"height\":500,\"caption\":\"Comunicancerpiel\"},\"image\":{\"@id\":\"https:\\\/\\\/strategichealthcommunication.com\\\/#\\\/schema\\\/logo\\\/image\\\/\"},\"sameAs\":[\"https:\\\/\\\/www.facebook.com\\\/Comunicancer-112518534571202\",\"https:\\\/\\\/x.com\\\/comunicancer\",\"https:\\\/\\\/www.linkedin.com\\\/company\\\/80645838\"]}]}<\/script>\n<!-- \/ Yoast SEO plugin. -->","yoast_head_json":{"title":"Mar\u00eda Auxiliadora Gabino Campos &#8226;","robots":{"index":"index","follow":"follow","max-snippet":"max-snippet:-1","max-image-preview":"max-image-preview:large","max-video-preview":"max-video-preview:-1"},"canonical":"https:\/\/strategichealthcommunication.com\/index.php\/maria-auxiliadora-gabino-campos\/","og_locale":"en_US","og_type":"article","og_title":"Mar\u00eda Auxiliadora Gabino Campos &#8226;","og_description":"Mar\u00eda Auxiliadora Gabino Campos HISTORIAL RESUMIDO La Dra. Mar\u00eda Auxiliadora Gabino Campos, profesora investigadora en la Universidad de La Laguna, cuenta con una s\u00f3lida trayectoria en comunicaci\u00f3n estrat\u00e9gica, enfoc\u00e1ndose en el uso de redes sociales en salud. Es coautora del&nbsp;Manual para la identificaci\u00f3n y an\u00e1lisis de incidentes en salud&nbsp;(2021), publicado por la Universidad Aut\u00f3noma de [&hellip;]","og_url":"https:\/\/strategichealthcommunication.com\/index.php\/maria-auxiliadora-gabino-campos\/","article_publisher":"https:\/\/www.facebook.com\/Comunicancer-112518534571202","article_modified_time":"2026-01-29T16:29:23+00:00","twitter_card":"summary_large_image","twitter_site":"@comunicancer","twitter_misc":{"Est. reading time":"1 minute"},"schema":{"@context":"https:\/\/schema.org","@graph":[{"@type":"WebPage","@id":"https:\/\/strategichealthcommunication.com\/index.php\/maria-auxiliadora-gabino-campos\/","url":"https:\/\/strategichealthcommunication.com\/index.php\/maria-auxiliadora-gabino-campos\/","name":"Mar\u00eda Auxiliadora Gabino Campos &#8226;","isPartOf":{"@id":"https:\/\/strategichealthcommunication.com\/#website"},"datePublished":"2026-01-29T16:28:18+00:00","dateModified":"2026-01-29T16:29:23+00:00","breadcrumb":{"@id":"https:\/\/strategichealthcommunication.com\/index.php\/maria-auxiliadora-gabino-campos\/#breadcrumb"},"inLanguage":"en-US","potentialAction":[{"@type":"ReadAction","target":["https:\/\/strategichealthcommunication.com\/index.php\/maria-auxiliadora-gabino-campos\/"]}]},{"@type":"BreadcrumbList","@id":"https:\/\/strategichealthcommunication.com\/index.php\/maria-auxiliadora-gabino-campos\/#breadcrumb","itemListElement":[{"@type":"ListItem","position":1,"name":"Home","item":"https:\/\/strategichealthcommunication.com\/"},{"@type":"ListItem","position":2,"name":"Mar\u00eda Auxiliadora Gabino Campos"}]},{"@type":"WebSite","@id":"https:\/\/strategichealthcommunication.com\/#website","url":"https:\/\/strategichealthcommunication.com\/","name":"","description":"","publisher":{"@id":"https:\/\/strategichealthcommunication.com\/#organization"},"potentialAction":[{"@type":"SearchAction","target":{"@type":"EntryPoint","urlTemplate":"https:\/\/strategichealthcommunication.com\/?s={search_term_string}"},"query-input":{"@type":"PropertyValueSpecification","valueRequired":true,"valueName":"search_term_string"}}],"inLanguage":"en-US"},{"@type":"Organization","@id":"https:\/\/strategichealthcommunication.com\/#organization","name":"Comunicancerpiel","url":"https:\/\/strategichealthcommunication.com\/","logo":{"@type":"ImageObject","inLanguage":"en-US","@id":"https:\/\/strategichealthcommunication.com\/#\/schema\/logo\/image\/","url":"https:\/\/strategichealthcommunication.com\/wp-content\/uploads\/2021\/11\/4-1.png","contentUrl":"https:\/\/strategichealthcommunication.com\/wp-content\/uploads\/2021\/11\/4-1.png","width":500,"height":500,"caption":"Comunicancerpiel"},"image":{"@id":"https:\/\/strategichealthcommunication.com\/#\/schema\/logo\/image\/"},"sameAs":["https:\/\/www.facebook.com\/Comunicancer-112518534571202","https:\/\/x.com\/comunicancer","https:\/\/www.linkedin.com\/company\/80645838"]}]}},"_links":{"self":[{"href":"https:\/\/strategichealthcommunication.com\/index.php\/wp-json\/wp\/v2\/pages\/3622","targetHints":{"allow":["GET"]}}],"collection":[{"href":"https:\/\/strategichealthcommunication.com\/index.php\/wp-json\/wp\/v2\/pages"}],"about":[{"href":"https:\/\/strategichealthcommunication.com\/index.php\/wp-json\/wp\/v2\/types\/page"}],"author":[{"embeddable":true,"href":"https:\/\/strategichealthcommunication.com\/index.php\/wp-json\/wp\/v2\/users\/1"}],"replies":[{"embeddable":true,"href":"https:\/\/strategichealthcommunication.com\/index.php\/wp-json\/wp\/v2\/comments?post=3622"}],"version-history":[{"count":4,"href":"https:\/\/strategichealthcommunication.com\/index.php\/wp-json\/wp\/v2\/pages\/3622\/revisions"}],"predecessor-version":[{"id":3626,"href":"https:\/\/strategichealthcommunication.com\/index.php\/wp-json\/wp\/v2\/pages\/3622\/revisions\/3626"}],"wp:attachment":[{"href":"https:\/\/strategichealthcommunication.com\/index.php\/wp-json\/wp\/v2\/media?parent=3622"}],"curies":[{"name":"wp","href":"https:\/\/api.w.org\/{rel}","templated":true}]}}