{"id":3639,"date":"2026-01-29T16:42:46","date_gmt":"2026-01-29T16:42:46","guid":{"rendered":"https:\/\/strategichealthcommunication.com\/?page_id=3639"},"modified":"2026-01-29T16:43:57","modified_gmt":"2026-01-29T16:43:57","slug":"elementor-pagina-3639","status":"publish","type":"page","link":"https:\/\/strategichealthcommunication.com\/index.php\/elementor-pagina-3639\/","title":{"rendered":"Cristina Navarro"},"content":{"rendered":"\t\t<div data-elementor-type=\"wp-page\" data-elementor-id=\"3639\" class=\"elementor elementor-3639\">\n\t\t\t\t\t\t<section class=\"elementor-section elementor-top-section elementor-element elementor-element-b02da93 elementor-section-boxed elementor-section-height-default elementor-section-height-default\" data-id=\"b02da93\" data-element_type=\"section\">\n\t\t\t\t\t\t<div class=\"elementor-container elementor-column-gap-default\">\n\t\t\t\t\t<div class=\"elementor-column elementor-col-100 elementor-top-column elementor-element elementor-element-3eab198\" data-id=\"3eab198\" data-element_type=\"column\">\n\t\t\t<div class=\"elementor-widget-wrap elementor-element-populated\">\n\t\t\t\t\t\t<div class=\"elementor-element elementor-element-1c2b432 elementor-widget elementor-widget-heading\" data-id=\"1c2b432\" data-element_type=\"widget\" data-settings=\"{&quot;_animation&quot;:&quot;none&quot;}\" data-widget_type=\"heading.default\">\n\t\t\t\t<div class=\"elementor-widget-container\">\n\t\t\t\t\t<h2 class=\"elementor-heading-title elementor-size-default\">Cristina Navarro Ruiz<\/h2>\t\t\t\t<\/div>\n\t\t\t\t<\/div>\n\t\t\t\t<div class=\"elementor-element elementor-element-c926c3d elementor-widget elementor-widget-text-editor\" data-id=\"c926c3d\" data-element_type=\"widget\" data-widget_type=\"text-editor.default\">\n\t\t\t\t<div class=\"elementor-widget-container\">\n\t\t\t\t\t\t\t\t\t<p><b>HISTORIAL RESUMIDO<\/b><\/p><p><span class=\"TextRun MacChromeBold SCXW250748916 BCX0\" lang=\"ES-ES\" xml:lang=\"ES-ES\" data-contrast=\"auto\"><span class=\"NormalTextRun SCXW250748916 BCX0\">Cristina Navarro\u00a0<\/span><span class=\"NormalTextRun SCXW250748916 BCX0\">Ruiz (CNR)<\/span><\/span><span class=\"TextRun SCXW250748916 BCX0\" lang=\"ES-ES\" xml:lang=\"ES-ES\" data-contrast=\"auto\"><span class=\"NormalTextRun SCXW250748916 BCX0\">\u00a0<\/span><span class=\"NormalTextRun SCXW250748916 BCX0\">es profesora asociada y directora del Departamento de Comunicaci\u00f3n en la <\/span><span class=\"NormalTextRun SpellingErrorV2Themed SCXW250748916 BCX0\">Gulf<\/span><span class=\"NormalTextRun SCXW250748916 BCX0\">\u00a0<\/span><span class=\"NormalTextRun SpellingErrorV2Themed SCXW250748916 BCX0\">University<\/span><span class=\"NormalTextRun SCXW250748916 BCX0\">\u00a0<\/span><span class=\"NormalTextRun SpellingErrorV2Themed SCXW250748916 BCX0\">for<\/span><span class=\"NormalTextRun SCXW250748916 BCX0\">\u00a0<\/span><span class=\"NormalTextRun SpellingErrorV2Themed SCXW250748916 BCX0\">Science<\/span><span class=\"NormalTextRun SCXW250748916 BCX0\">\u00a0and\u00a0<\/span><span class=\"NormalTextRun SpellingErrorV2Themed SCXW250748916 BCX0\">Technology<\/span><span class=\"NormalTextRun SCXW250748916 BCX0\"> en Kuwait. Sus intereses de investigaci\u00f3n incluyen los roles del periodismo, las relaciones p\u00fablicas en l\u00ednea, la comunicaci\u00f3n en redes sociales, el profesionalismo, el liderazgo y las competencias, conocimientos y habilidades en relaciones p\u00fablicas. Es doctora por la Universidad Rey Juan Carlos (Espa\u00f1a) y ha sido investigadora visitante en Pennsylvania <\/span><span class=\"NormalTextRun SpellingErrorV2Themed SCXW250748916 BCX0\">State<\/span><span class=\"NormalTextRun SCXW250748916 BCX0\">\u00a0<\/span><span class=\"NormalTextRun SpellingErrorV2Themed SCXW250748916 BCX0\">University<\/span><span class=\"NormalTextRun SCXW250748916 BCX0\">,\u00a0<\/span><span class=\"NormalTextRun SpellingErrorV2Themed SCXW250748916 BCX0\">University<\/span><span class=\"NormalTextRun SCXW250748916 BCX0\">\u00a0<\/span><span class=\"NormalTextRun SpellingErrorV2Themed SCXW250748916 BCX0\">of<\/span><span class=\"NormalTextRun SCXW250748916 BCX0\">\u00a0Alabama y\u00a0<\/span><span class=\"NormalTextRun SpellingErrorV2Themed SCXW250748916 BCX0\">University<\/span><span class=\"NormalTextRun SCXW250748916 BCX0\">\u00a0<\/span><span class=\"NormalTextRun SpellingErrorV2Themed SCXW250748916 BCX0\">of<\/span><span class=\"NormalTextRun SCXW250748916 BCX0\">\u00a0Florida. Adem\u00e1s, es autora de numerosas publicaciones en revistas cient\u00edficas de alto impacto, lo que refleja su contribuci\u00f3n significativa al campo de la comunicaci\u00f3n y las relaciones p\u00fablicas.<\/span><\/span><span class=\"EOP SCXW250748916 BCX0\" data-ccp-props=\"{&quot;201341983&quot;:0,&quot;335551550&quot;:6,&quot;335551620&quot;:6,&quot;335559739&quot;:200,&quot;335559740&quot;:276}\">\u00a0<\/span><\/p>\t\t\t\t\t\t\t\t<\/div>\n\t\t\t\t<\/div>\n\t\t\t\t\t<\/div>\n\t\t<\/div>\n\t\t\t\t\t<\/div>\n\t\t<\/section>\n\t\t\t\t<\/div>\n\t\t","protected":false},"excerpt":{"rendered":"<p>Cristina Navarro Ruiz HISTORIAL RESUMIDO Cristina Navarro\u00a0Ruiz (CNR)\u00a0es profesora asociada y directora del Departamento de Comunicaci\u00f3n en la Gulf\u00a0University\u00a0for\u00a0Science\u00a0and\u00a0Technology en Kuwait. Sus intereses de investigaci\u00f3n incluyen los roles del periodismo, las relaciones p\u00fablicas en l\u00ednea, la comunicaci\u00f3n en redes sociales, el profesionalismo, el liderazgo y las competencias, conocimientos y habilidades en relaciones p\u00fablicas. Es doctora [&hellip;]<\/p>\n","protected":false},"author":1,"featured_media":0,"parent":0,"menu_order":0,"comment_status":"closed","ping_status":"closed","template":"","meta":{"site-sidebar-layout":"no-sidebar","site-content-layout":"page-builder","ast-site-content-layout":"full-width-container","site-content-style":"default","site-sidebar-style":"default","ast-global-header-display":"","ast-banner-title-visibility":"","ast-main-header-display":"","ast-hfb-above-header-display":"","ast-hfb-below-header-display":"","ast-hfb-mobile-header-display":"","site-post-title":"","ast-breadcrumbs-content":"","ast-featured-img":"disabled","footer-sml-layout":"","theme-transparent-header-meta":"","adv-header-id-meta":"","stick-header-meta":"","header-above-stick-meta":"","header-main-stick-meta":"","header-below-stick-meta":"","astra-migrate-meta-layouts":"default","ast-page-background-enabled":"default","ast-page-background-meta":{"desktop":{"background-color":"var(--ast-global-color-4)","background-image":"","background-repeat":"repeat","background-position":"center center","background-size":"auto","background-attachment":"scroll","background-type":"","background-media":"","overlay-type":"","overlay-color":"","overlay-opacity":"","overlay-gradient":""},"tablet":{"background-color":"","background-image":"","background-repeat":"repeat","background-position":"center center","background-size":"auto","background-attachment":"scroll","background-type":"","background-media":"","overlay-type":"","overlay-color":"","overlay-opacity":"","overlay-gradient":""},"mobile":{"background-color":"","background-image":"","background-repeat":"repeat","background-position":"center center","background-size":"auto","background-attachment":"scroll","background-type":"","background-media":"","overlay-type":"","overlay-color":"","overlay-opacity":"","overlay-gradient":""}},"ast-content-background-meta":{"desktop":{"background-color":"var(--ast-global-color-5)","background-image":"","background-repeat":"repeat","background-position":"center center","background-size":"auto","background-attachment":"scroll","background-type":"","background-media":"","overlay-type":"","overlay-color":"","overlay-opacity":"","overlay-gradient":""},"tablet":{"background-color":"var(--ast-global-color-5)","background-image":"","background-repeat":"repeat","background-position":"center center","background-size":"auto","background-attachment":"scroll","background-type":"","background-media":"","overlay-type":"","overlay-color":"","overlay-opacity":"","overlay-gradient":""},"mobile":{"background-color":"var(--ast-global-color-5)","background-image":"","background-repeat":"repeat","background-position":"center center","background-size":"auto","background-attachment":"scroll","background-type":"","background-media":"","overlay-type":"","overlay-color":"","overlay-opacity":"","overlay-gradient":""}},"footnotes":""},"class_list":["post-3639","page","type-page","status-publish","hentry"],"yoast_head":"<!-- This site is optimized with the Yoast SEO plugin v27.3 - https:\/\/yoast.com\/product\/yoast-seo-wordpress\/ -->\n<title>Cristina Navarro &#8226;<\/title>\n<meta name=\"robots\" content=\"index, follow, max-snippet:-1, max-image-preview:large, max-video-preview:-1\" \/>\n<link rel=\"canonical\" href=\"https:\/\/strategichealthcommunication.com\/index.php\/elementor-pagina-3639\/\" \/>\n<meta property=\"og:locale\" content=\"en_US\" \/>\n<meta property=\"og:type\" content=\"article\" \/>\n<meta property=\"og:title\" content=\"Cristina Navarro &#8226;\" \/>\n<meta property=\"og:description\" content=\"Cristina Navarro Ruiz HISTORIAL RESUMIDO Cristina Navarro\u00a0Ruiz (CNR)\u00a0es profesora asociada y directora del Departamento de Comunicaci\u00f3n en la Gulf\u00a0University\u00a0for\u00a0Science\u00a0and\u00a0Technology en Kuwait. Sus intereses de investigaci\u00f3n incluyen los roles del periodismo, las relaciones p\u00fablicas en l\u00ednea, la comunicaci\u00f3n en redes sociales, el profesionalismo, el liderazgo y las competencias, conocimientos y habilidades en relaciones p\u00fablicas. Es doctora [&hellip;]\" \/>\n<meta property=\"og:url\" content=\"https:\/\/strategichealthcommunication.com\/index.php\/elementor-pagina-3639\/\" \/>\n<meta property=\"article:publisher\" content=\"https:\/\/www.facebook.com\/Comunicancer-112518534571202\" \/>\n<meta property=\"article:modified_time\" content=\"2026-01-29T16:43:57+00:00\" \/>\n<meta name=\"twitter:card\" content=\"summary_large_image\" \/>\n<meta name=\"twitter:site\" content=\"@comunicancer\" \/>\n<meta name=\"twitter:label1\" content=\"Est. reading time\" \/>\n\t<meta name=\"twitter:data1\" content=\"1 minute\" \/>\n<script type=\"application\/ld+json\" class=\"yoast-schema-graph\">{\"@context\":\"https:\\\/\\\/schema.org\",\"@graph\":[{\"@type\":\"WebPage\",\"@id\":\"https:\\\/\\\/strategichealthcommunication.com\\\/index.php\\\/elementor-pagina-3639\\\/\",\"url\":\"https:\\\/\\\/strategichealthcommunication.com\\\/index.php\\\/elementor-pagina-3639\\\/\",\"name\":\"Cristina Navarro &#8226;\",\"isPartOf\":{\"@id\":\"https:\\\/\\\/strategichealthcommunication.com\\\/#website\"},\"datePublished\":\"2026-01-29T16:42:46+00:00\",\"dateModified\":\"2026-01-29T16:43:57+00:00\",\"breadcrumb\":{\"@id\":\"https:\\\/\\\/strategichealthcommunication.com\\\/index.php\\\/elementor-pagina-3639\\\/#breadcrumb\"},\"inLanguage\":\"en-US\",\"potentialAction\":[{\"@type\":\"ReadAction\",\"target\":[\"https:\\\/\\\/strategichealthcommunication.com\\\/index.php\\\/elementor-pagina-3639\\\/\"]}]},{\"@type\":\"BreadcrumbList\",\"@id\":\"https:\\\/\\\/strategichealthcommunication.com\\\/index.php\\\/elementor-pagina-3639\\\/#breadcrumb\",\"itemListElement\":[{\"@type\":\"ListItem\",\"position\":1,\"name\":\"Home\",\"item\":\"https:\\\/\\\/strategichealthcommunication.com\\\/\"},{\"@type\":\"ListItem\",\"position\":2,\"name\":\"Cristina Navarro\"}]},{\"@type\":\"WebSite\",\"@id\":\"https:\\\/\\\/strategichealthcommunication.com\\\/#website\",\"url\":\"https:\\\/\\\/strategichealthcommunication.com\\\/\",\"name\":\"\",\"description\":\"\",\"publisher\":{\"@id\":\"https:\\\/\\\/strategichealthcommunication.com\\\/#organization\"},\"potentialAction\":[{\"@type\":\"SearchAction\",\"target\":{\"@type\":\"EntryPoint\",\"urlTemplate\":\"https:\\\/\\\/strategichealthcommunication.com\\\/?s={search_term_string}\"},\"query-input\":{\"@type\":\"PropertyValueSpecification\",\"valueRequired\":true,\"valueName\":\"search_term_string\"}}],\"inLanguage\":\"en-US\"},{\"@type\":\"Organization\",\"@id\":\"https:\\\/\\\/strategichealthcommunication.com\\\/#organization\",\"name\":\"Comunicancerpiel\",\"url\":\"https:\\\/\\\/strategichealthcommunication.com\\\/\",\"logo\":{\"@type\":\"ImageObject\",\"inLanguage\":\"en-US\",\"@id\":\"https:\\\/\\\/strategichealthcommunication.com\\\/#\\\/schema\\\/logo\\\/image\\\/\",\"url\":\"https:\\\/\\\/strategichealthcommunication.com\\\/wp-content\\\/uploads\\\/2021\\\/11\\\/4-1.png\",\"contentUrl\":\"https:\\\/\\\/strategichealthcommunication.com\\\/wp-content\\\/uploads\\\/2021\\\/11\\\/4-1.png\",\"width\":500,\"height\":500,\"caption\":\"Comunicancerpiel\"},\"image\":{\"@id\":\"https:\\\/\\\/strategichealthcommunication.com\\\/#\\\/schema\\\/logo\\\/image\\\/\"},\"sameAs\":[\"https:\\\/\\\/www.facebook.com\\\/Comunicancer-112518534571202\",\"https:\\\/\\\/x.com\\\/comunicancer\",\"https:\\\/\\\/www.linkedin.com\\\/company\\\/80645838\"]}]}<\/script>\n<!-- \/ Yoast SEO plugin. -->","yoast_head_json":{"title":"Cristina Navarro &#8226;","robots":{"index":"index","follow":"follow","max-snippet":"max-snippet:-1","max-image-preview":"max-image-preview:large","max-video-preview":"max-video-preview:-1"},"canonical":"https:\/\/strategichealthcommunication.com\/index.php\/elementor-pagina-3639\/","og_locale":"en_US","og_type":"article","og_title":"Cristina Navarro &#8226;","og_description":"Cristina Navarro Ruiz HISTORIAL RESUMIDO Cristina Navarro\u00a0Ruiz (CNR)\u00a0es profesora asociada y directora del Departamento de Comunicaci\u00f3n en la Gulf\u00a0University\u00a0for\u00a0Science\u00a0and\u00a0Technology en Kuwait. Sus intereses de investigaci\u00f3n incluyen los roles del periodismo, las relaciones p\u00fablicas en l\u00ednea, la comunicaci\u00f3n en redes sociales, el profesionalismo, el liderazgo y las competencias, conocimientos y habilidades en relaciones p\u00fablicas. Es doctora [&hellip;]","og_url":"https:\/\/strategichealthcommunication.com\/index.php\/elementor-pagina-3639\/","article_publisher":"https:\/\/www.facebook.com\/Comunicancer-112518534571202","article_modified_time":"2026-01-29T16:43:57+00:00","twitter_card":"summary_large_image","twitter_site":"@comunicancer","twitter_misc":{"Est. reading time":"1 minute"},"schema":{"@context":"https:\/\/schema.org","@graph":[{"@type":"WebPage","@id":"https:\/\/strategichealthcommunication.com\/index.php\/elementor-pagina-3639\/","url":"https:\/\/strategichealthcommunication.com\/index.php\/elementor-pagina-3639\/","name":"Cristina Navarro &#8226;","isPartOf":{"@id":"https:\/\/strategichealthcommunication.com\/#website"},"datePublished":"2026-01-29T16:42:46+00:00","dateModified":"2026-01-29T16:43:57+00:00","breadcrumb":{"@id":"https:\/\/strategichealthcommunication.com\/index.php\/elementor-pagina-3639\/#breadcrumb"},"inLanguage":"en-US","potentialAction":[{"@type":"ReadAction","target":["https:\/\/strategichealthcommunication.com\/index.php\/elementor-pagina-3639\/"]}]},{"@type":"BreadcrumbList","@id":"https:\/\/strategichealthcommunication.com\/index.php\/elementor-pagina-3639\/#breadcrumb","itemListElement":[{"@type":"ListItem","position":1,"name":"Home","item":"https:\/\/strategichealthcommunication.com\/"},{"@type":"ListItem","position":2,"name":"Cristina Navarro"}]},{"@type":"WebSite","@id":"https:\/\/strategichealthcommunication.com\/#website","url":"https:\/\/strategichealthcommunication.com\/","name":"","description":"","publisher":{"@id":"https:\/\/strategichealthcommunication.com\/#organization"},"potentialAction":[{"@type":"SearchAction","target":{"@type":"EntryPoint","urlTemplate":"https:\/\/strategichealthcommunication.com\/?s={search_term_string}"},"query-input":{"@type":"PropertyValueSpecification","valueRequired":true,"valueName":"search_term_string"}}],"inLanguage":"en-US"},{"@type":"Organization","@id":"https:\/\/strategichealthcommunication.com\/#organization","name":"Comunicancerpiel","url":"https:\/\/strategichealthcommunication.com\/","logo":{"@type":"ImageObject","inLanguage":"en-US","@id":"https:\/\/strategichealthcommunication.com\/#\/schema\/logo\/image\/","url":"https:\/\/strategichealthcommunication.com\/wp-content\/uploads\/2021\/11\/4-1.png","contentUrl":"https:\/\/strategichealthcommunication.com\/wp-content\/uploads\/2021\/11\/4-1.png","width":500,"height":500,"caption":"Comunicancerpiel"},"image":{"@id":"https:\/\/strategichealthcommunication.com\/#\/schema\/logo\/image\/"},"sameAs":["https:\/\/www.facebook.com\/Comunicancer-112518534571202","https:\/\/x.com\/comunicancer","https:\/\/www.linkedin.com\/company\/80645838"]}]}},"_links":{"self":[{"href":"https:\/\/strategichealthcommunication.com\/index.php\/wp-json\/wp\/v2\/pages\/3639","targetHints":{"allow":["GET"]}}],"collection":[{"href":"https:\/\/strategichealthcommunication.com\/index.php\/wp-json\/wp\/v2\/pages"}],"about":[{"href":"https:\/\/strategichealthcommunication.com\/index.php\/wp-json\/wp\/v2\/types\/page"}],"author":[{"embeddable":true,"href":"https:\/\/strategichealthcommunication.com\/index.php\/wp-json\/wp\/v2\/users\/1"}],"replies":[{"embeddable":true,"href":"https:\/\/strategichealthcommunication.com\/index.php\/wp-json\/wp\/v2\/comments?post=3639"}],"version-history":[{"count":7,"href":"https:\/\/strategichealthcommunication.com\/index.php\/wp-json\/wp\/v2\/pages\/3639\/revisions"}],"predecessor-version":[{"id":3646,"href":"https:\/\/strategichealthcommunication.com\/index.php\/wp-json\/wp\/v2\/pages\/3639\/revisions\/3646"}],"wp:attachment":[{"href":"https:\/\/strategichealthcommunication.com\/index.php\/wp-json\/wp\/v2\/media?parent=3639"}],"curies":[{"name":"wp","href":"https:\/\/api.w.org\/{rel}","templated":true}]}}